{"id":16044,"date":"2026-01-23T11:02:23","date_gmt":"2026-01-23T10:02:23","guid":{"rendered":"https:\/\/thoennes.com\/?page_id=16044"},"modified":"2026-01-23T12:08:36","modified_gmt":"2026-01-23T11:08:36","slug":"it-safety-and-ram-services","status":"publish","type":"page","link":"https:\/\/thoennes.com\/?page_id=16044","title":{"rendered":"IT-Safety and RAM Services"},"content":{"rendered":"<div class=\"wpb-content-wrapper\"><p>[vc_row css_animation=&#8220;&#8220; row_type=&#8220;row&#8220; use_row_as_full_screen_section=&#8220;no&#8220; type=&#8220;grid&#8220; angled_section=&#8220;yes&#8220; angled_section_position=&#8220;top&#8220; angled_section_direction=&#8220;from_left_to_right&#8220; text_align=&#8220;left&#8220; background_image_as_pattern=&#8220;without_pattern&#8220; background_color=&#8220;#ffffff&#8220; padding_top=&#8220;30&#8243; padding_bottom=&#8220;60&#8243; z_index=&#8220;&#8220;][vc_column offset=&#8220;vc_col-lg-8&#8243;][vc_column_text css=&#8220;&#8220; el_class=&#8220;lead&#8220;]<strong>Safety- und Zertifizierungsanforderungen auch f\u00fcr KMU<\/strong><\/p>\n<p>Jeder, der komplexe elektronische oder mechatronische Komponenten entwickelt, muss Safety- und Zertifizierungsanforderungen erf\u00fcllen. Daf\u00fcr haben Konzerne eigene Abteilungen &#8211; und trotzdem nehmen auch Konzerne unsere Unterst\u00fctzung in Anspruch.<\/p>\n<p>&nbsp;<\/p>\n<p><strong>Unser Leistungsspektrum umfasst <\/strong><\/p>\n<ul>\n<li>Verst\u00e4ndnis Ihrer Zertifizierungsanforderungen<\/li>\n<li>Unterst\u00fctzung bei oder Durchf\u00fchrung von Fehleranalysen (FMECA, FTA, FMEDA), Lebenszykluskostenrechnung (LCC), Zuverl\u00e4ssigkeitsprognosen u. a.<\/li>\n<li>Erstellung von Sicherheitsnachweisen<\/li>\n<li>Auditierbare Dokumentation<\/li>\n<li>Normenkompetenz: IEC 61508, MIL-STD-882E, ISO 26262, EN 50126\/29, ARP 4761, u. a.<\/li>\n<li>Unterst\u00fctzung f\u00fcr OEMs, Systemzulieferer und KMUs<\/li>\n<\/ul>\n<p>[\/vc_column_text][vc_separator type=&#8220;transparent&#8220; up=&#8220;30&#8243; down=&#8220;0&#8243;][vc_column_text css=&#8220;&#8220; el_class=&#8220;lead&#8220;]<strong>Sie wollen mehr Information? Schreiben Sie an<\/strong><\/p>\n<p><a href=\"mailto:m.kenda@thoennes.com\">m.kenda@thoennes.com<\/a>[\/vc_column_text][\/vc_column][\/vc_row]<\/p>\n<\/div>","protected":false},"excerpt":{"rendered":"<p>[vc_row css_animation=&#8220;&#8220; row_type=&#8220;row&#8220; use_row_as_full_screen_section=&#8220;no&#8220; type=&#8220;grid&#8220; angled_section=&#8220;yes&#8220; angled_section_position=&#8220;top&#8220; angled_section_direction=&#8220;from_left_to_right&#8220; text_align=&#8220;left&#8220; background_image_as_pattern=&#8220;without_pattern&#8220; background_color=&#8220;#ffffff&#8220; padding_top=&#8220;30&#8243; padding_bottom=&#8220;60&#8243; z_index=&#8220;&#8220;][vc_column offset=&#8220;vc_col-lg-8&#8243;][vc_column_text css=&#8220;&#8220; el_class=&#8220;lead&#8220;]Safety- und Zertifizierungsanforderungen auch f\u00fcr KMU Jeder, der komplexe elektronische oder mechatronische Komponenten entwickelt, muss Safety- und Zertifizierungsanforderungen erf\u00fcllen. Daf\u00fcr haben Konzerne eigene Abteilungen &#8211; und trotzdem nehmen auch Konzerne unsere Unterst\u00fctzung in Anspruch. &nbsp; Unser Leistungsspektrum umfasst Verst\u00e4ndnis Ihrer Zertifizierungsanforderungen Unterst\u00fctzung bei oder Durchf\u00fchrung von Fehleranalysen (FMECA, FTA, FMEDA), Lebenszykluskostenrechnung (LCC), Zuverl\u00e4ssigkeitsprognosen u. a. Erstellung von Sicherheitsnachweisen Auditierbare Dokumentation Normenkompetenz: IEC 61508, MIL-STD-882E, ISO 26262, EN 50126\/29, ARP 4761, u. a. Unterst\u00fctzung f\u00fcr&#8230;<\/p>\n","protected":false},"author":1,"featured_media":0,"parent":0,"menu_order":0,"comment_status":"open","ping_status":"open","template":"full_width.php","meta":{"footnotes":""},"class_list":["post-16044","page","type-page","status-publish","hentry"],"yoast_head":"<!-- This site is optimized with the Yoast SEO plugin v27.3 - https:\/\/yoast.com\/product\/yoast-seo-wordpress\/ -->\n<title>IT Security, Firewall, Antivirus, Backups, DSGVO, ISO27001 - Thoennes<\/title>\n<meta name=\"description\" content=\"Wir sch\u00fctzen Ihre IT: Von der klassichen IT Security, Firewall und Antivirus, zu Datensicherheit Backup Management, Archivierung, ISO27001 &amp; DSGVO\" \/>\n<meta name=\"robots\" content=\"index, follow, max-snippet:-1, max-image-preview:large, max-video-preview:-1\" \/>\n<link rel=\"canonical\" href=\"https:\/\/thoennes.com\/?page_id=16044\" \/>\n<meta property=\"og:locale\" content=\"de_DE\" \/>\n<meta property=\"og:type\" content=\"article\" \/>\n<meta property=\"og:title\" content=\"IT Security, Firewall, Antivirus, Backups, DSGVO, ISO27001 - Thoennes\" \/>\n<meta property=\"og:description\" content=\"Wir sch\u00fctzen Ihre IT: Von der klassichen IT Security, Firewall und Antivirus, zu Datensicherheit Backup Management, Archivierung, ISO27001 &amp; DSGVO\" \/>\n<meta property=\"og:url\" content=\"https:\/\/thoennes.com\/?page_id=16044\" \/>\n<meta property=\"og:site_name\" content=\"Thoennes\" \/>\n<meta property=\"article:modified_time\" content=\"2026-01-23T11:08:36+00:00\" \/>\n<meta name=\"twitter:card\" content=\"summary_large_image\" \/>\n<meta name=\"twitter:label1\" content=\"Gesch\u00e4tzte Lesezeit\" \/>\n\t<meta name=\"twitter:data1\" content=\"1\u00a0Minute\" \/>\n<script type=\"application\/ld+json\" class=\"yoast-schema-graph\">{\"@context\":\"https:\\\/\\\/schema.org\",\"@graph\":[{\"@type\":\"WebPage\",\"@id\":\"https:\\\/\\\/thoennes.com\\\/?page_id=16044\",\"url\":\"https:\\\/\\\/thoennes.com\\\/?page_id=16044\",\"name\":\"IT Security, Firewall, Antivirus, Backups, DSGVO, ISO27001 - Thoennes\",\"isPartOf\":{\"@id\":\"https:\\\/\\\/thoennes.com\\\/#website\"},\"datePublished\":\"2026-01-23T10:02:23+00:00\",\"dateModified\":\"2026-01-23T11:08:36+00:00\",\"description\":\"Wir sch\u00fctzen Ihre IT: Von der klassichen IT Security, Firewall und Antivirus, zu Datensicherheit Backup Management, Archivierung, ISO27001 & DSGVO\",\"breadcrumb\":{\"@id\":\"https:\\\/\\\/thoennes.com\\\/?page_id=16044#breadcrumb\"},\"inLanguage\":\"de\",\"potentialAction\":[{\"@type\":\"ReadAction\",\"target\":[\"https:\\\/\\\/thoennes.com\\\/?page_id=16044\"]}]},{\"@type\":\"BreadcrumbList\",\"@id\":\"https:\\\/\\\/thoennes.com\\\/?page_id=16044#breadcrumb\",\"itemListElement\":[{\"@type\":\"ListItem\",\"position\":1,\"name\":\"Start\",\"item\":\"https:\\\/\\\/thoennes.com\\\/\"},{\"@type\":\"ListItem\",\"position\":2,\"name\":\"IT-Safety and RAM Services\"}]},{\"@type\":\"WebSite\",\"@id\":\"https:\\\/\\\/thoennes.com\\\/#website\",\"url\":\"https:\\\/\\\/thoennes.com\\\/\",\"name\":\"Thoennes\",\"description\":\"\",\"potentialAction\":[{\"@type\":\"SearchAction\",\"target\":{\"@type\":\"EntryPoint\",\"urlTemplate\":\"https:\\\/\\\/thoennes.com\\\/?s={search_term_string}\"},\"query-input\":{\"@type\":\"PropertyValueSpecification\",\"valueRequired\":true,\"valueName\":\"search_term_string\"}}],\"inLanguage\":\"de\"}]}<\/script>\n<!-- \/ Yoast SEO plugin. -->","yoast_head_json":{"title":"IT Security, Firewall, Antivirus, Backups, DSGVO, ISO27001 - Thoennes","description":"Wir sch\u00fctzen Ihre IT: Von der klassichen IT Security, Firewall und Antivirus, zu Datensicherheit Backup Management, Archivierung, ISO27001 & DSGVO","robots":{"index":"index","follow":"follow","max-snippet":"max-snippet:-1","max-image-preview":"max-image-preview:large","max-video-preview":"max-video-preview:-1"},"canonical":"https:\/\/thoennes.com\/?page_id=16044","og_locale":"de_DE","og_type":"article","og_title":"IT Security, Firewall, Antivirus, Backups, DSGVO, ISO27001 - Thoennes","og_description":"Wir sch\u00fctzen Ihre IT: Von der klassichen IT Security, Firewall und Antivirus, zu Datensicherheit Backup Management, Archivierung, ISO27001 & DSGVO","og_url":"https:\/\/thoennes.com\/?page_id=16044","og_site_name":"Thoennes","article_modified_time":"2026-01-23T11:08:36+00:00","twitter_card":"summary_large_image","twitter_misc":{"Gesch\u00e4tzte Lesezeit":"1\u00a0Minute"},"schema":{"@context":"https:\/\/schema.org","@graph":[{"@type":"WebPage","@id":"https:\/\/thoennes.com\/?page_id=16044","url":"https:\/\/thoennes.com\/?page_id=16044","name":"IT Security, Firewall, Antivirus, Backups, DSGVO, ISO27001 - Thoennes","isPartOf":{"@id":"https:\/\/thoennes.com\/#website"},"datePublished":"2026-01-23T10:02:23+00:00","dateModified":"2026-01-23T11:08:36+00:00","description":"Wir sch\u00fctzen Ihre IT: Von der klassichen IT Security, Firewall und Antivirus, zu Datensicherheit Backup Management, Archivierung, ISO27001 & DSGVO","breadcrumb":{"@id":"https:\/\/thoennes.com\/?page_id=16044#breadcrumb"},"inLanguage":"de","potentialAction":[{"@type":"ReadAction","target":["https:\/\/thoennes.com\/?page_id=16044"]}]},{"@type":"BreadcrumbList","@id":"https:\/\/thoennes.com\/?page_id=16044#breadcrumb","itemListElement":[{"@type":"ListItem","position":1,"name":"Start","item":"https:\/\/thoennes.com\/"},{"@type":"ListItem","position":2,"name":"IT-Safety and RAM Services"}]},{"@type":"WebSite","@id":"https:\/\/thoennes.com\/#website","url":"https:\/\/thoennes.com\/","name":"Thoennes","description":"","potentialAction":[{"@type":"SearchAction","target":{"@type":"EntryPoint","urlTemplate":"https:\/\/thoennes.com\/?s={search_term_string}"},"query-input":{"@type":"PropertyValueSpecification","valueRequired":true,"valueName":"search_term_string"}}],"inLanguage":"de"}]}},"_links":{"self":[{"href":"https:\/\/thoennes.com\/index.php?rest_route=\/wp\/v2\/pages\/16044","targetHints":{"allow":["GET"]}}],"collection":[{"href":"https:\/\/thoennes.com\/index.php?rest_route=\/wp\/v2\/pages"}],"about":[{"href":"https:\/\/thoennes.com\/index.php?rest_route=\/wp\/v2\/types\/page"}],"author":[{"embeddable":true,"href":"https:\/\/thoennes.com\/index.php?rest_route=\/wp\/v2\/users\/1"}],"replies":[{"embeddable":true,"href":"https:\/\/thoennes.com\/index.php?rest_route=%2Fwp%2Fv2%2Fcomments&post=16044"}],"version-history":[{"count":5,"href":"https:\/\/thoennes.com\/index.php?rest_route=\/wp\/v2\/pages\/16044\/revisions"}],"predecessor-version":[{"id":16050,"href":"https:\/\/thoennes.com\/index.php?rest_route=\/wp\/v2\/pages\/16044\/revisions\/16050"}],"wp:attachment":[{"href":"https:\/\/thoennes.com\/index.php?rest_route=%2Fwp%2Fv2%2Fmedia&parent=16044"}],"curies":[{"name":"wp","href":"https:\/\/api.w.org\/{rel}","templated":true}]}}