{"id":15800,"date":"2018-03-21T16:16:05","date_gmt":"2018-03-21T15:16:05","guid":{"rendered":"https:\/\/thoennes.com\/?page_id=15800"},"modified":"2025-04-30T13:07:06","modified_gmt":"2025-04-30T11:07:06","slug":"home","status":"publish","type":"page","link":"https:\/\/thoennes.com\/","title":{"rendered":"Home"},"content":{"rendered":"<div class=\"wpb-content-wrapper\"><p>[vc_row css_animation=&#8220;&#8220; row_type=&#8220;row&#8220; use_row_as_full_screen_section=&#8220;no&#8220; type=&#8220;full_width&#8220; angled_section=&#8220;no&#8220; text_align=&#8220;left&#8220; background_image_as_pattern=&#8220;without_pattern&#8220; background_image=&#8220;15632&#8243; z_index=&#8220;&#8220; css=&#8220;.vc_custom_1519305471939{padding-bottom: 100px !important;}&#8220;][vc_column][vc_separator type=&#8220;transparent&#8220; up=&#8220;5px&#8220;]<div class='qode_parallax_layers  full_screen_height' style='' ><div class='qode_parallax_layers_holder preload_parallax_layers'><div class=\"paralax_layers_content_holder\"><div class=\"paralax_layers_content\"><div class=\"paralax_layers_content_inner\"><div class=\"container_inner\"><\/p>\n<div class=\" section_inner clearfix\">\n<div class=\"section_inner_margin clearfix\">\n<div class=\"screen_start wpb_column vc_column_container vc_col-sm-12\">\n<div class=\"vc_column-inner \">\n<div class=\"wpb_wrapper\">\n<div class=\"wpb_text_column wpb_content_element \">\n<div class=\"wpb_wrapper\">\n<h1 class=\"h1_teaser\" style=\"text-align: center;\">Th\u00f6nnes \u2013 IT-Dienstleistung aus Berufung seit 1987<\/h1>\n<\/div>\n<\/div>\n<div class=\"vc_row wpb_row section vc_row-fluid vc_inner grid_section\" style=\"text-align: left;\">\n<div class=\" section_inner clearfix\">\n<div class=\"section_inner_margin clearfix\">\n<div class=\"wpb_column vc_column_container vc_col-sm-4\">\n<div class=\"vc_column-inner \">\n<div class=\"wpb_wrapper\">\n<div class=\"wpb_text_column wpb_content_element \">\n<div class=\"wpb_wrapper\">\n<h3 class=\"h3_teaser\" style=\"text-align: center;\">Unser Ziel:<br \/>\nIndividuelle<br \/>\nIT-Services<br \/>\n1. professionell<br \/>\n2. zuverl\u00e4ssig<br \/>\n3. kompetent<\/h3>\n<\/div>\n<\/div>\n<div class=\"wpb_text_column wpb_content_element \">\n<div class=\"wpb_wrapper\">\n<p style=\"text-align: center;\"><a class=\"qbutton default\" style=\"margin: 0 7px 0 0; background-color: #ff2b80;\" href=\"#kompetenzen\" target=\"_self\" rel=\"noopener\" data-hover-background-color=\"#ea2880\">KOMPETENZEN ANSEHEN<\/a><\/p>\n<\/div>\n<\/div>\n<\/div>\n<\/div>\n<\/div>\n<div class=\"wpb_column vc_column_container vc_col-sm-8\">\n<div class=\"vc_column-inner \">\n<div class=\"wpb_wrapper\">\n<div class=\"wpb_single_image wpb_content_element vc_align_center\">\n<div class=\"wpb_wrapper\"><img loading=\"lazy\" decoding=\"async\" class=\"aligncenter wp-image-16009 size-full portrait\" src=\"https:\/\/thoennes.com\/wp-content\/uploads\/2025\/04\/portrait_kenda.png\" alt=\"\" width=\"600\" height=\"629\" srcset=\"https:\/\/thoennes.com\/wp-content\/uploads\/2025\/04\/portrait_kenda.png 600w, https:\/\/thoennes.com\/wp-content\/uploads\/2025\/04\/portrait_kenda-286x300.png 286w\" sizes=\"auto, (max-width: 600px) 100vw, 600px\" \/><\/div>\n<\/div>\n<\/div>\n<\/div>\n<\/div>\n<\/div>\n<\/div>\n<\/div>\n<\/div>\n<\/div>\n<\/div>\n<\/div>\n<\/div>\n<p>[vc_separator type=&#8220;transparent&#8220; position=&#8220;center&#8220; color=&#8220;&#8220; transparency=&#8220;&#8220; thickness=&#8220;&#8220; width=&#8220;&#8220; width_in_percentages=&#8220;&#8220; up=&#8220;100&#8243; down=&#8220;0&#8243;]<\/div><\/div><\/div><\/div><\/div><\/div>[\/vc_column][\/vc_row][vc_row css_animation=&#8220;&#8220; row_type=&#8220;row&#8220; use_row_as_full_screen_section=&#8220;no&#8220; type=&#8220;grid&#8220; angled_section=&#8220;yes&#8220; angled_section_position=&#8220;top&#8220; angled_section_direction=&#8220;from_left_to_right&#8220; text_align=&#8220;left&#8220; background_image_as_pattern=&#8220;without_pattern&#8220; background_color=&#8220;#ffffff&#8220; padding_top=&#8220;30&#8243; padding_bottom=&#8220;60&#8243; z_index=&#8220;&#8220;][vc_column offset=&#8220;vc_col-lg-8&#8243;][vc_column_text css=&#8220;&#8220; el_class=&#8220;lead&#8220;]<strong>Der Name Th\u00f6nnes steht f\u00fcr kundenorientierten IT-Service.<br \/>\n<\/strong>Gemeinsam mit unseren Auftraggebern entwickeln wir L\u00f6sungen f\u00fcr eine effektive und funktionale IT-Infrastruktur \u2013 angefangen von Windows Support und Servertechnologie bis hin zu Office-Systemen und Firewall-\/Antivirus-Technologie.<\/p>\n<p><strong>Th\u00f6nnes versteht sich als professioneller Dienstleister f\u00fcr das IT-Service Management<\/strong>.<br \/>\nMit unserem ITSM-Angebot sprechen wir die Sprache des Mittelstandes und betreuen vorwiegend Kunden im Gro\u00dfraum M\u00fcnchen sowie internationale Unternehmen an ihrem deutschen Standort.<\/p>\n<p>Um uns dem Bedarf und den Budgets unserer Kunden bestm\u00f6glich anzupassen, bieten wir unsere Outsourcing- und Outtasking-Dienstleistungen im Rahmen von Dienst- und Werkvertr\u00e4gen oder als Arbeitnehmer\u00fcberlassung an.<br \/>\n<strong>Wir \u00fcbernehmen Projektleitung und Umsetzung der neu zu implementierenden Dienste oder unterst\u00fctzen den IT-Tagesbetrieb.<\/strong><\/p>\n<p><strong>Lassen Sie sich von uns beraten!<\/strong><br \/>\n<a name=\"kompetenzen\"><\/a>[\/vc_column_text][vc_separator type=&#8220;transparent&#8220; up=&#8220;0&#8243; down=&#8220;0&#8243;][\/vc_column][\/vc_row][vc_row css_animation=&#8220;&#8220; row_type=&#8220;row&#8220; use_row_as_full_screen_section=&#8220;no&#8220; type=&#8220;grid&#8220; angled_section=&#8220;yes&#8220; angled_section_position=&#8220;bottom&#8220; angled_section_direction=&#8220;from_left_to_right&#8220; text_align=&#8220;left&#8220; background_image_as_pattern=&#8220;without_pattern&#8220; z_index=&#8220;&#8220; css=&#8220;.vc_custom_1521034764222{padding-top: 50px !important;padding-bottom: 100px !important;}&#8220;][vc_column]<div class=\"qode-advanced-tabs qode-advanced-tabs qode-advanced-horizontal-tab clearfix qode-advanced-tab-with-icon qode-advanced-tabs-column-3 clearfix\">\n\t<ul class=\"qode-advanced-tabs-nav\">\n\t\t\t\t\t<li>\n\t\t\t\t<h2>\n\t\t\t\t\t<a href=\"#tab-1st-und-2nd-level-service\">\n\t\t\t\t\t\t\t\t\t\t\t\t\t<span class=\"qode-advanced-icon-frame\"><\/span>\n\t\t\t\t\t\t\n\t\t\t\t\t\t\t\t\t\t\t\t\t<span class=\"qode-advanced-tab-text-after-icon\">\n\t\t\t\t\t\t\t\t1st und 2nd Level Service\t\t\t\t\t\t\t<\/span>\n\t\t\t\t\t\t\t\t\t\t\t<\/a>\n\t\t\t\t<\/h2>\n\t\t\t<\/li>\n\t\t\t\t\t<li>\n\t\t\t\t<h2>\n\t\t\t\t\t<a href=\"#tab-it-service-management-desktop-und-server-management\">\n\t\t\t\t\t\t\t\t\t\t\t\t\t<span class=\"qode-advanced-icon-frame\"><\/span>\n\t\t\t\t\t\t\n\t\t\t\t\t\t\t\t\t\t\t\t\t<span class=\"qode-advanced-tab-text-after-icon\">\n\t\t\t\t\t\t\t\tIT-Service Management | Desktop und Server Management\t\t\t\t\t\t\t<\/span>\n\t\t\t\t\t\t\t\t\t\t\t<\/a>\n\t\t\t\t<\/h2>\n\t\t\t<\/li>\n\t\t\t\t\t<li>\n\t\t\t\t<h2>\n\t\t\t\t\t<a href=\"#tab-it-umzuege\">\n\t\t\t\t\t\t\t\t\t\t\t\t\t<span class=\"qode-advanced-icon-frame\"><\/span>\n\t\t\t\t\t\t\n\t\t\t\t\t\t\t\t\t\t\t\t\t<span class=\"qode-advanced-tab-text-after-icon\">\n\t\t\t\t\t\t\t\tIT-Umz\u00fcge\t\t\t\t\t\t\t<\/span>\n\t\t\t\t\t\t\t\t\t\t\t<\/a>\n\t\t\t\t<\/h2>\n\t\t\t<\/li>\n\t\t\t<\/ul>\n\t<div class=\"qode-advanced-tab-container\" id=\"tab-1st-und-2nd-level-service-509\" data-icon-pack=\"font_awesome\" data-icon-html=\"&lt;i class=&quot;qode_icon_font_awesome fa fa-handshake-o &quot; &gt;&lt;\/i&gt;\">[vc_row_inner row_type=&#8220;row&#8220; type=&#8220;full_width&#8220; text_align=&#8220;left&#8220; css_animation=&#8220;&#8220;][vc_column_inner width=&#8220;1\/3&#8243;][vc_single_image image=&#8220;15976&#8243; img_size=&#8220;full&#8220; alignment=&#8220;right&#8220; qode_css_animation=&#8220;&#8220;][\/vc_column_inner][vc_column_inner width=&#8220;2\/3&#8243;][vc_column_text]Th\u00f6nnes bietet das komplette Leistungsspektrum rund um den IT Service Desk als First und Second Level Support: Wir erledigen Ihr Anwender-orientiertes Tagesgesch\u00e4ft und schaffen durch diesen Service Freir\u00e4ume f\u00fcr Ihre Mitarbeiter, um anstehende Projekte zu entwickeln.<\/p>\n<p>Unser Leistungsspektrum beinhaltet hierbei die Administration von IT-Netzen \u2013 vom Standard-Windowsserver bis zu SharePoint-Umgebungen, SQL- und Skype for Business-Anwendungen.<\/p>\n<p>Wir unterst\u00fctzen Sie dar\u00fcber hinaus bei:<\/p>\n<ul>\n<li>Analyse, Konzeption und Redesign von IT-Netzen (SharePoint, Exchange)<\/li>\n<li>Virtualisierung<\/li>\n<li>Migrationen<\/li>\n<li>Anbindung neuer Standorte<\/li>\n<li>IT-Service-Management (ITSM)<\/li>\n<\/ul>\n<p>Unser Support erfolgt dabei sowohl in IT-Outtasking- als auch in Outsourcing-Projekten. Zus\u00e4tzlich bieten wir eine dauerhafte IT-Outsourcing-L\u00f6sung an: Diese hat sich f\u00fcr einige unserer Kunden als wirtschaftlich erwiesen \u2013 vor Ort oder remote. Auch 24\/7 ist m\u00f6glich.[\/vc_column_text][\/vc_column_inner][\/vc_row_inner]<\/div><div class=\"qode-advanced-tab-container\" id=\"tab-it-service-management-desktop-und-server-management-72\" data-icon-pack=\"font_awesome\" data-icon-html=\"&lt;i class=&quot;qode_icon_font_awesome fa fa-cubes &quot; &gt;&lt;\/i&gt;\">[vc_row_inner row_type=&#8220;row&#8220; type=&#8220;full_width&#8220; text_align=&#8220;left&#8220; css_animation=&#8220;&#8220;][vc_column_inner width=&#8220;1\/3&#8243;][vc_single_image image=&#8220;15978&#8243; img_size=&#8220;full&#8220; qode_css_animation=&#8220;&#8220;][\/vc_column_inner][vc_column_inner width=&#8220;2\/3&#8243;][vc_column_text]Passen sich Ihre Gesch\u00e4ftsprozesse der IT an? Oder umgekehrt? Beides widerspricht den Grundprinzipien optimierter Gesch\u00e4ftsprozesse. Daher unterst\u00fctzen wir Sie bei der Einf\u00fchrung oder Aktualisierung von Ma\u00dfnahmen und Methoden, die im Rahmen eines IT-Service-Managements zu beachten sind. Bei der Durchf\u00fchrung orientieren uns an den ITIL-Standards.<\/p>\n<p>Im Sinne dieses Ziels k\u00fcmmern uns um Ihre Arbeitsplatzrechner und agieren, bevor Sie reagieren m\u00fcssen \u2013 vor Ort oder als Managed Services. Dabei k\u00f6nnen Sie aus einer Vielzahl von Leistungen w\u00e4hlen, z. B.:<\/p>\n<ul>\n<li>Inventarisierung<\/li>\n<li>Backup \u2013 einrichten und \u00fcberwachen<\/li>\n<li>\u00dcberwachung von System- und Security-Patches<\/li>\n<li>\u00dcberwachung von Windows-Diensten<\/li>\n<li>Check der Ereignisprotokolle<\/li>\n<li>Schwachstellenanalyse<\/li>\n<li>Monitoring und Statusreporting \/ Bereinigung<\/li>\n<\/ul>\n<p>[\/vc_column_text][\/vc_column_inner][\/vc_row_inner]<\/div><div class=\"qode-advanced-tab-container\" id=\"tab-it-umzuege-529\" data-icon-pack=\"font_awesome\" data-icon-html=\"&lt;i class=&quot;qode_icon_font_awesome fa fa-truck &quot; &gt;&lt;\/i&gt;\">[vc_row_inner row_type=&#8220;row&#8220; type=&#8220;full_width&#8220; text_align=&#8220;left&#8220; css_animation=&#8220;&#8220;][vc_column_inner width=&#8220;1\/3&#8243;][vc_single_image image=&#8220;15977&#8243; img_size=&#8220;full&#8220; qode_css_animation=&#8220;&#8220;][\/vc_column_inner][vc_column_inner width=&#8220;2\/3&#8243;][vc_column_text]Sie m\u00fcssen Ihren Tagesbetrieb bis einschlie\u00dflich Freitag aufrechterhalten, sich aber am folgenden Montag wieder auf Ihre IT verlassen k\u00f6nnen? Umzugsszenarien dieser Art sind eine Managementaufgabe \u2013 und eine gro\u00dfe Herausforderung.<\/p>\n<p>Als Partner f\u00fcr IT-bezogenes Umzugsmanagement k\u00fcmmern wir uns um Risikominimierung und Produktionskontinuit\u00e4t \u2013 also auch um kritischen Gr\u00f6\u00dfen, die diesen Prozess begleiten: Kosten, Zeit, Fachressourcen, Evaluation der Schnittstellen.<\/p>\n<p>W\u00e4hrend des Umzugsprozesses steuern wir alle Phasen:<\/p>\n<ul>\n<li>Ist-Aufnahme<\/li>\n<li>Grob- und Feinplanung (u. a. Umzugsdatenbank, Zeit- und Ressourcenplanung)<\/li>\n<li>Count Down<\/li>\n<li>Durchf\u00fchrung<\/li>\n<\/ul>\n<ul>\n<li>Abnahme und ggf. Abschlussarbeiten<\/li>\n<\/ul>\n<p>Neben diesen Koordinationsleistungen werden alle Change-Prozesse umfassend dokumentiert und in Protokollen den Mitarbeitern zur Verf\u00fcgung gestellt.<\/p>\n<p>Ein weiterer wesentlicher Faktor f\u00fcr Sie: Wir gew\u00e4hrleisten die Kontinuit\u00e4t der Produktion und des Service und bieten dar\u00fcber hinaus eine detaillierte und verl\u00e4ssliche Kostenplanung.[\/vc_column_text][\/vc_column_inner][\/vc_row_inner]<\/div><\/div>[\/vc_column][\/vc_row][vc_row css_animation=&#8220;&#8220; row_type=&#8220;row&#8220; use_row_as_full_screen_section=&#8220;no&#8220; type=&#8220;full_width&#8220; angled_section=&#8220;yes&#8220; angled_section_position=&#8220;top&#8220; angled_section_direction=&#8220;from_left_to_right&#8220; text_align=&#8220;left&#8220; background_image_as_pattern=&#8220;without_pattern&#8220; background_image=&#8220;15478&#8243; padding_bottom=&#8220;0&#8243; z_index=&#8220;&#8220;][vc_column parallax=&#8220;content-moving-fade&#8220; css=&#8220;.vc_custom_1521034546540{margin-top: 50px !important;}&#8220;][vc_separator type=&#8220;transparent&#8220; up=&#8220;150&#8243;][\/vc_column][\/vc_row]<\/p>\n<\/div>","protected":false},"excerpt":{"rendered":"<p>[vc_row css_animation=&#8220;&#8220; row_type=&#8220;row&#8220; use_row_as_full_screen_section=&#8220;no&#8220; type=&#8220;full_width&#8220; angled_section=&#8220;no&#8220; text_align=&#8220;left&#8220; background_image_as_pattern=&#8220;without_pattern&#8220; background_image=&#8220;15632&#8243; z_index=&#8220;&#8220; css=&#8220;.vc_custom_1519305471939{padding-bottom: 100px !important;}&#8220;][vc_column][vc_separator type=&#8220;transparent&#8220; up=&#8220;5px&#8220;][\/vc_column][\/vc_row][vc_row css_animation=&#8220;&#8220; row_type=&#8220;row&#8220; use_row_as_full_screen_section=&#8220;no&#8220; type=&#8220;grid&#8220; angled_section=&#8220;yes&#8220; angled_section_position=&#8220;top&#8220; angled_section_direction=&#8220;from_left_to_right&#8220; text_align=&#8220;left&#8220; background_image_as_pattern=&#8220;without_pattern&#8220; background_color=&#8220;#ffffff&#8220; padding_top=&#8220;30&#8243; padding_bottom=&#8220;60&#8243; z_index=&#8220;&#8220;][vc_column offset=&#8220;vc_col-lg-8&#8243;][vc_column_text css=&#8220;&#8220; el_class=&#8220;lead&#8220;]Der Name Th\u00f6nnes steht f\u00fcr kundenorientierten IT-Service. Gemeinsam mit unseren Auftraggebern entwickeln wir L\u00f6sungen f\u00fcr eine effektive und funktionale IT-Infrastruktur \u2013 angefangen von Windows Support und Servertechnologie bis hin zu Office-Systemen und Firewall-\/Antivirus-Technologie. Th\u00f6nnes versteht sich als professioneller Dienstleister f\u00fcr das IT-Service Management. Mit unserem ITSM-Angebot sprechen wir die Sprache des Mittelstandes und betreuen vorwiegend Kunden im Gro\u00dfraum M\u00fcnchen sowie&#8230;<\/p>\n","protected":false},"author":1,"featured_media":0,"parent":0,"menu_order":0,"comment_status":"open","ping_status":"open","template":"full_width.php","meta":{"footnotes":""},"class_list":["post-15800","page","type-page","status-publish","hentry"],"yoast_head":"<!-- This site is optimized with the Yoast SEO plugin v27.3 - https:\/\/yoast.com\/product\/yoast-seo-wordpress\/ -->\n<title>Full service IT consulting f\u00fcr M\u00fcnchen und Umgebung - Thoennes<\/title>\n<meta name=\"description\" content=\"Th\u00f6nnes bietet 30 Jahre Erfahrung im Bereich IT Consulting. Wir geben Ihnen nur die IT, die sich WIRKLICH brauchen. Windows Support, Server, Sharepoint uvm\" \/>\n<meta name=\"robots\" content=\"index, follow, max-snippet:-1, max-image-preview:large, max-video-preview:-1\" \/>\n<link rel=\"canonical\" href=\"https:\/\/thoennes.com\/\" \/>\n<meta property=\"og:locale\" content=\"de_DE\" \/>\n<meta property=\"og:type\" content=\"article\" \/>\n<meta property=\"og:title\" content=\"Full service IT consulting f\u00fcr M\u00fcnchen und Umgebung - Thoennes\" \/>\n<meta property=\"og:description\" content=\"Th\u00f6nnes bietet 30 Jahre Erfahrung im Bereich IT Consulting. Wir geben Ihnen nur die IT, die sich WIRKLICH brauchen. Windows Support, Server, Sharepoint uvm\" \/>\n<meta property=\"og:url\" content=\"https:\/\/thoennes.com\/\" \/>\n<meta property=\"og:site_name\" content=\"Thoennes\" \/>\n<meta property=\"article:modified_time\" content=\"2025-04-30T11:07:06+00:00\" \/>\n<meta property=\"og:image\" content=\"https:\/\/thoennes.com\/wp-content\/uploads\/2025\/04\/portrait_kenda.png\" \/>\n\t<meta property=\"og:image:width\" content=\"600\" \/>\n\t<meta property=\"og:image:height\" content=\"629\" \/>\n\t<meta property=\"og:image:type\" content=\"image\/png\" \/>\n<meta name=\"twitter:card\" content=\"summary_large_image\" \/>\n<meta name=\"twitter:label1\" content=\"Gesch\u00e4tzte Lesezeit\" \/>\n\t<meta name=\"twitter:data1\" content=\"5\u00a0Minuten\" \/>\n<script type=\"application\/ld+json\" class=\"yoast-schema-graph\">{\"@context\":\"https:\\\/\\\/schema.org\",\"@graph\":[{\"@type\":\"WebPage\",\"@id\":\"https:\\\/\\\/thoennes.com\\\/\",\"url\":\"https:\\\/\\\/thoennes.com\\\/\",\"name\":\"Full service IT consulting f\u00fcr M\u00fcnchen und Umgebung - Thoennes\",\"isPartOf\":{\"@id\":\"https:\\\/\\\/thoennes.com\\\/#website\"},\"primaryImageOfPage\":{\"@id\":\"https:\\\/\\\/thoennes.com\\\/#primaryimage\"},\"image\":{\"@id\":\"https:\\\/\\\/thoennes.com\\\/#primaryimage\"},\"thumbnailUrl\":\"https:\\\/\\\/thoennes.com\\\/wp-content\\\/uploads\\\/2025\\\/04\\\/portrait_kenda.png\",\"datePublished\":\"2018-03-21T15:16:05+00:00\",\"dateModified\":\"2025-04-30T11:07:06+00:00\",\"description\":\"Th\u00f6nnes bietet 30 Jahre Erfahrung im Bereich IT Consulting. Wir geben Ihnen nur die IT, die sich WIRKLICH brauchen. Windows Support, Server, Sharepoint uvm\",\"breadcrumb\":{\"@id\":\"https:\\\/\\\/thoennes.com\\\/#breadcrumb\"},\"inLanguage\":\"de\",\"potentialAction\":[{\"@type\":\"ReadAction\",\"target\":[\"https:\\\/\\\/thoennes.com\\\/\"]}]},{\"@type\":\"ImageObject\",\"inLanguage\":\"de\",\"@id\":\"https:\\\/\\\/thoennes.com\\\/#primaryimage\",\"url\":\"https:\\\/\\\/thoennes.com\\\/wp-content\\\/uploads\\\/2025\\\/04\\\/portrait_kenda.png\",\"contentUrl\":\"https:\\\/\\\/thoennes.com\\\/wp-content\\\/uploads\\\/2025\\\/04\\\/portrait_kenda.png\",\"width\":600,\"height\":629},{\"@type\":\"BreadcrumbList\",\"@id\":\"https:\\\/\\\/thoennes.com\\\/#breadcrumb\",\"itemListElement\":[{\"@type\":\"ListItem\",\"position\":1,\"name\":\"Start\",\"item\":\"https:\\\/\\\/thoennes.com\\\/\"},{\"@type\":\"ListItem\",\"position\":2,\"name\":\"Home\"}]},{\"@type\":\"WebSite\",\"@id\":\"https:\\\/\\\/thoennes.com\\\/#website\",\"url\":\"https:\\\/\\\/thoennes.com\\\/\",\"name\":\"Thoennes\",\"description\":\"\",\"potentialAction\":[{\"@type\":\"SearchAction\",\"target\":{\"@type\":\"EntryPoint\",\"urlTemplate\":\"https:\\\/\\\/thoennes.com\\\/?s={search_term_string}\"},\"query-input\":{\"@type\":\"PropertyValueSpecification\",\"valueRequired\":true,\"valueName\":\"search_term_string\"}}],\"inLanguage\":\"de\"}]}<\/script>\n<!-- \/ Yoast SEO plugin. -->","yoast_head_json":{"title":"Full service IT consulting f\u00fcr M\u00fcnchen und Umgebung - Thoennes","description":"Th\u00f6nnes bietet 30 Jahre Erfahrung im Bereich IT Consulting. Wir geben Ihnen nur die IT, die sich WIRKLICH brauchen. Windows Support, Server, Sharepoint uvm","robots":{"index":"index","follow":"follow","max-snippet":"max-snippet:-1","max-image-preview":"max-image-preview:large","max-video-preview":"max-video-preview:-1"},"canonical":"https:\/\/thoennes.com\/","og_locale":"de_DE","og_type":"article","og_title":"Full service IT consulting f\u00fcr M\u00fcnchen und Umgebung - Thoennes","og_description":"Th\u00f6nnes bietet 30 Jahre Erfahrung im Bereich IT Consulting. Wir geben Ihnen nur die IT, die sich WIRKLICH brauchen. Windows Support, Server, Sharepoint uvm","og_url":"https:\/\/thoennes.com\/","og_site_name":"Thoennes","article_modified_time":"2025-04-30T11:07:06+00:00","og_image":[{"width":600,"height":629,"url":"https:\/\/thoennes.com\/wp-content\/uploads\/2025\/04\/portrait_kenda.png","type":"image\/png"}],"twitter_card":"summary_large_image","twitter_misc":{"Gesch\u00e4tzte Lesezeit":"5\u00a0Minuten"},"schema":{"@context":"https:\/\/schema.org","@graph":[{"@type":"WebPage","@id":"https:\/\/thoennes.com\/","url":"https:\/\/thoennes.com\/","name":"Full service IT consulting f\u00fcr M\u00fcnchen und Umgebung - Thoennes","isPartOf":{"@id":"https:\/\/thoennes.com\/#website"},"primaryImageOfPage":{"@id":"https:\/\/thoennes.com\/#primaryimage"},"image":{"@id":"https:\/\/thoennes.com\/#primaryimage"},"thumbnailUrl":"https:\/\/thoennes.com\/wp-content\/uploads\/2025\/04\/portrait_kenda.png","datePublished":"2018-03-21T15:16:05+00:00","dateModified":"2025-04-30T11:07:06+00:00","description":"Th\u00f6nnes bietet 30 Jahre Erfahrung im Bereich IT Consulting. Wir geben Ihnen nur die IT, die sich WIRKLICH brauchen. Windows Support, Server, Sharepoint uvm","breadcrumb":{"@id":"https:\/\/thoennes.com\/#breadcrumb"},"inLanguage":"de","potentialAction":[{"@type":"ReadAction","target":["https:\/\/thoennes.com\/"]}]},{"@type":"ImageObject","inLanguage":"de","@id":"https:\/\/thoennes.com\/#primaryimage","url":"https:\/\/thoennes.com\/wp-content\/uploads\/2025\/04\/portrait_kenda.png","contentUrl":"https:\/\/thoennes.com\/wp-content\/uploads\/2025\/04\/portrait_kenda.png","width":600,"height":629},{"@type":"BreadcrumbList","@id":"https:\/\/thoennes.com\/#breadcrumb","itemListElement":[{"@type":"ListItem","position":1,"name":"Start","item":"https:\/\/thoennes.com\/"},{"@type":"ListItem","position":2,"name":"Home"}]},{"@type":"WebSite","@id":"https:\/\/thoennes.com\/#website","url":"https:\/\/thoennes.com\/","name":"Thoennes","description":"","potentialAction":[{"@type":"SearchAction","target":{"@type":"EntryPoint","urlTemplate":"https:\/\/thoennes.com\/?s={search_term_string}"},"query-input":{"@type":"PropertyValueSpecification","valueRequired":true,"valueName":"search_term_string"}}],"inLanguage":"de"}]}},"_links":{"self":[{"href":"https:\/\/thoennes.com\/index.php?rest_route=\/wp\/v2\/pages\/15800","targetHints":{"allow":["GET"]}}],"collection":[{"href":"https:\/\/thoennes.com\/index.php?rest_route=\/wp\/v2\/pages"}],"about":[{"href":"https:\/\/thoennes.com\/index.php?rest_route=\/wp\/v2\/types\/page"}],"author":[{"embeddable":true,"href":"https:\/\/thoennes.com\/index.php?rest_route=\/wp\/v2\/users\/1"}],"replies":[{"embeddable":true,"href":"https:\/\/thoennes.com\/index.php?rest_route=%2Fwp%2Fv2%2Fcomments&post=15800"}],"version-history":[{"count":3,"href":"https:\/\/thoennes.com\/index.php?rest_route=\/wp\/v2\/pages\/15800\/revisions"}],"predecessor-version":[{"id":16033,"href":"https:\/\/thoennes.com\/index.php?rest_route=\/wp\/v2\/pages\/15800\/revisions\/16033"}],"wp:attachment":[{"href":"https:\/\/thoennes.com\/index.php?rest_route=%2Fwp%2Fv2%2Fmedia&parent=15800"}],"curies":[{"name":"wp","href":"https:\/\/api.w.org\/{rel}","templated":true}]}}