{"id":15499,"date":"2018-02-21T13:29:22","date_gmt":"2018-02-21T12:29:22","guid":{"rendered":"https:\/\/thoennes.com\/?page_id=15499"},"modified":"2025-04-03T17:21:35","modified_gmt":"2025-04-03T15:21:35","slug":"impressum","status":"publish","type":"page","link":"https:\/\/thoennes.com\/?page_id=15499","title":{"rendered":"Impressum"},"content":{"rendered":"<div class=\"wpb-content-wrapper\"><p>[vc_row css_animation=&#8220;&#8220; row_type=&#8220;row&#8220; use_row_as_full_screen_section=&#8220;no&#8220; type=&#8220;grid&#8220; angled_section=&#8220;no&#8220; text_align=&#8220;left&#8220; background_image_as_pattern=&#8220;without_pattern&#8220; padding_top=&#8220;80&#8243; padding_bottom=&#8220;49&#8243;][vc_column width=&#8220;1\/2&#8243;][vc_column_text]<\/p>\n<h3>Th\u00f6nnes Datensysteme GmbH<\/h3>\n<p><i class=\"fa fa-map-marker\" style=\"color: #153387; width: 20px;\" aria-hidden=\"true\"><\/i> Kronwinkler Stra\u00dfe 24 | 81245 M\u00fcnchen<br \/>\n<i class=\"fa fa-phone\" style=\"color: #153387; width: 20px;\" aria-hidden=\"true\"><\/i> <a href=\"tel:49-89-8960860\">+49 89 896086-0<\/a><br \/>\n<i class=\"fa fa-fax\" style=\"color: #153387; width: 20px;\" aria-hidden=\"true\"><\/i> +49 89 896086-99<br \/>\n<i class=\"fa fa-envelope\" style=\"color: #153387; width: 20px;\" aria-hidden=\"true\"><\/i> <a href=\"mailto:info@thoennes.com\">info@thoennes.com<\/a><br \/>\nwww.thoennes.com[\/vc_column_text][vc_separator type=&#8220;transparent&#8220; up=&#8220;40&#8243; down=&#8220;0&#8243;][vc_column_text]<strong>Vertretungsberechtigter Gesch\u00e4ftsf\u00fchrer:<\/strong><br \/>\nDipl.-Kaufm. (FH) Hans-Michael Kenda<\/p>\n<p>&nbsp;<\/p>\n<p><strong>Registergericht:<\/strong><br \/>\nAmtsgericht M\u00fcnchen<br \/>\n<strong>Registernummer:<\/strong><br \/>\nHRB M\u00fcnchen 82664<\/p>\n<p>&nbsp;<\/p>\n<p><strong>Umsatzsteuer-Identifikationsnummer gem\u00e4\u00df \u00a7 27 a Umsatzsteuergesetz:<\/strong><br \/>\nDE 129479192<\/p>\n<p>&nbsp;<\/p>\n<p><strong>Inhaltlich Verantwortlicher gem\u00e4\u00df \u00a7 6 MDStV:<\/strong><br \/>\nDipl.-Kaufm. (FH) Hans-Michael Kenda[\/vc_column_text][vc_separator type=&#8220;transparent&#8220; up=&#8220;40&#8243; down=&#8220;0&#8243;][vc_column_text css=&#8220;&#8220;]<\/p>\n<h4>Konzeption<\/h4>\n<p><a href=\"http:\/\/x-plainer.in\/elisabeth-weigel\">Elisabeth Weigel<\/a><\/p>\n<h4>Text<\/h4>\n<p><a href=\"mailto:susanne@franz-online.com\">Susanne Franz<\/a><\/p>\n<h4>Design &amp; Programmierung<\/h4>\n<p><a href=\"http:\/\/www.kruse-medien.de\"><img loading=\"lazy\" decoding=\"async\" class=\"wp-image-15511 alignnone\" src=\"https:\/\/thoennes.com\/wp-content\/uploads\/2018\/02\/Kruse-Medien_Logo.png\" alt=\"\" width=\"150\" height=\"40\" \/><\/a><br \/>\n<a href=\"http:\/\/www.kruse-medien.de\">http:\/\/www.kruse-medien.de <\/a><\/p>\n<h4>Bildrechte<\/h4>\n<p><strong>Shutterstock.com:<\/strong><br \/>\n\u00a9 leo_photo , \u00a9 dennizn, \u00a9 Alexandru Chiriac, \u00a9 weedezign<\/p>\n<p><strong>Fotolia.com:<\/strong><br \/>\n\u00a9 Tommaso Lizzul<\/p>\n<p><strong>Portrait Startseite<\/strong><br \/>\n\u00a9 Th\u00f6nnes Datensysteme GmbH[\/vc_column_text][\/vc_column][vc_column width=&#8220;1\/2&#8243;][vc_column_text]<\/p>\n<h3>Disclaimer<\/h3>\n<p>[\/vc_column_text][vc_separator type=&#8220;transparent&#8220; up=&#8220;22&#8243; down=&#8220;0&#8243;][vc_column_text]<\/p>\n<h4>Haftung f\u00fcr Inhalte<\/h4>\n<p>Als Diensteanbieter sind wir gem\u00e4\u00df \u00a7 7 Abs.1 TMG f\u00fcr eigene Inhalte auf diesen Seiten nach den allgemeinen Gesetzen verantwortlich. Nach \u00a7\u00a7 8 bis 10 TMG sind wir als Diensteanbieter jedoch nicht verpflichtet, \u00fcbermittelte oder gespeicherte fremde Informationen zu \u00fcberwachen oder nach Umst\u00e4nden zu forschen, die auf eine rechtswidrige T\u00e4tigkeit hinweisen.<\/p>\n<p>Verpflichtungen zur Entfernung oder Sperrung der Nutzung von Informationen nach den allgemeinen Gesetzen bleiben hiervon unber\u00fchrt. Eine diesbez\u00fcgliche Haftung ist jedoch erst ab dem Zeitpunkt der Kenntnis einer konkreten Rechtsverletzung m\u00f6glich. Bei Bekanntwerden von entsprechenden Rechtsverletzungen werden wir diese Inhalte umgehend entfernen.<\/p>\n<h4>Haftung f\u00fcr Links<\/h4>\n<p>Unser Angebot enth\u00e4lt Links zu externen Webseiten Dritter, auf deren Inhalte wir keinen Einfluss haben. Deshalb k\u00f6nnen wir f\u00fcr diese fremden Inhalte auch keine Gew\u00e4hr \u00fcbernehmen. F\u00fcr die Inhalte der verlinkten Seiten ist stets der jeweilige Anbieter oder Betreiber der Seiten verantwortlich. Die verlinkten Seiten wurden zum Zeitpunkt der Verlinkung auf m\u00f6gliche Rechtsverst\u00f6\u00dfe \u00fcberpr\u00fcft. Rechtswidrige Inhalte waren zum Zeitpunkt der Verlinkung nicht erkennbar.<\/p>\n<p>Eine permanente inhaltliche Kontrolle der verlinkten Seiten ist jedoch ohne konkrete Anhaltspunkte einer Rechtsverletzung nicht zumutbar. Bei Bekanntwerden von Rechtsverletzungen werden wir derartige Links umgehend entfernen.<\/p>\n<h4>Urheberrecht<\/h4>\n<p>Die durch die Seitenbetreiber erstellten Inhalte und Werke auf diesen Seiten unterliegen dem deutschen Urheberrecht. Die Vervielf\u00e4ltigung, Bearbeitung, Verbreitung und jede Art der Verwertung au\u00dferhalb der Grenzen des Urheberrechtes bed\u00fcrfen der schriftlichen Zustimmung des jeweiligen Autors bzw. Erstellers. Downloads und Kopien dieser Seite sind nur f\u00fcr den privaten, nicht kommerziellen Gebrauch gestattet.<\/p>\n<p>Soweit die Inhalte auf dieser Seite nicht vom Betreiber erstellt wurden, werden die Urheberrechte Dritter beachtet. Insbesondere werden Inhalte Dritter als solche gekennzeichnet. Sollten Sie trotzdem auf eine Urheberrechtsverletzung aufmerksam werden, bitten wir um einen entsprechenden Hinweis. Bei Bekanntwerden von Rechtsverletzungen werden wir derartige Inhalte umgehend entfernen.<\/p>\n<p>&nbsp;<\/p>\n<p>Quelle: <a href=\"https:\/\/www.erecht24.de\/impressum-generator.html\">https:\/\/www.e-recht24.de\/impressumgenerator.html<\/a>[\/vc_column_text][vc_separator type=&#8220;transparent&#8220; up=&#8220;26&#8243; down=&#8220;0&#8243;][\/vc_column][\/vc_row]<\/p>\n<\/div>","protected":false},"excerpt":{"rendered":"<p>[vc_row css_animation=&#8220;&#8220; row_type=&#8220;row&#8220; use_row_as_full_screen_section=&#8220;no&#8220; type=&#8220;grid&#8220; angled_section=&#8220;no&#8220; text_align=&#8220;left&#8220; background_image_as_pattern=&#8220;without_pattern&#8220; padding_top=&#8220;80&#8243; padding_bottom=&#8220;49&#8243;][vc_column width=&#8220;1\/2&#8243;][vc_column_text] Th\u00f6nnes Datensysteme GmbH Kronwinkler Stra\u00dfe 24 | 81245 M\u00fcnchen +49 89 896086-0 +49 89 896086-99 info@thoennes.com www.thoennes.com[\/vc_column_text][vc_separator type=&#8220;transparent&#8220; up=&#8220;40&#8243; down=&#8220;0&#8243;][vc_column_text]Vertretungsberechtigter Gesch\u00e4ftsf\u00fchrer: Dipl.-Kaufm. (FH) Hans-Michael Kenda &nbsp; Registergericht: Amtsgericht M\u00fcnchen Registernummer: HRB M\u00fcnchen 82664 &nbsp; Umsatzsteuer-Identifikationsnummer gem\u00e4\u00df \u00a7 27 a Umsatzsteuergesetz: DE 129479192 &nbsp; Inhaltlich Verantwortlicher gem\u00e4\u00df \u00a7 6 MDStV: Dipl.-Kaufm. (FH) Hans-Michael Kenda[\/vc_column_text][vc_separator type=&#8220;transparent&#8220; up=&#8220;40&#8243; down=&#8220;0&#8243;][vc_column_text css=&#8220;&#8220;] Konzeption Elisabeth Weigel Text Susanne Franz Design &amp; Programmierung http:\/\/www.kruse-medien.de Bildrechte Shutterstock.com: \u00a9 leo_photo , \u00a9 dennizn, \u00a9 Alexandru Chiriac, \u00a9 weedezign&#8230;<\/p>\n","protected":false},"author":1,"featured_media":0,"parent":0,"menu_order":0,"comment_status":"open","ping_status":"open","template":"full_width.php","meta":{"footnotes":""},"class_list":["post-15499","page","type-page","status-publish","hentry"],"yoast_head":"<!-- This site is optimized with the Yoast SEO plugin v27.3 - https:\/\/yoast.com\/product\/yoast-seo-wordpress\/ -->\n<title>Impressum - Thoennes<\/title>\n<meta name=\"robots\" content=\"noindex, follow\" \/>\n<meta property=\"og:locale\" content=\"de_DE\" \/>\n<meta property=\"og:type\" content=\"article\" \/>\n<meta property=\"og:title\" content=\"Impressum - Thoennes\" \/>\n<meta property=\"og:description\" content=\"[vc_row css_animation=&#8220;&#8220; row_type=&#8220;row&#8220; use_row_as_full_screen_section=&#8220;no&#8220; type=&#8220;grid&#8220; angled_section=&#8220;no&#8220; text_align=&#8220;left&#8220; background_image_as_pattern=&#8220;without_pattern&#8220; padding_top=&#8220;80&#8243; padding_bottom=&#8220;49&#8243;][vc_column width=&#8220;1\/2&#8243;][vc_column_text] Th\u00f6nnes Datensysteme GmbH Kronwinkler Stra\u00dfe 24 | 81245 M\u00fcnchen +49 89 896086-0 +49 89 896086-99 info@thoennes.com www.thoennes.com[\/vc_column_text][vc_separator type=&#8220;transparent&#8220; up=&#8220;40&#8243; down=&#8220;0&#8243;][vc_column_text]Vertretungsberechtigter Gesch\u00e4ftsf\u00fchrer: Dipl.-Kaufm. (FH) Hans-Michael Kenda &nbsp; Registergericht: Amtsgericht M\u00fcnchen Registernummer: HRB M\u00fcnchen 82664 &nbsp; Umsatzsteuer-Identifikationsnummer gem\u00e4\u00df \u00a7 27 a Umsatzsteuergesetz: DE 129479192 &nbsp; Inhaltlich Verantwortlicher gem\u00e4\u00df \u00a7 6 MDStV: Dipl.-Kaufm. (FH) Hans-Michael Kenda[\/vc_column_text][vc_separator type=&#8220;transparent&#8220; up=&#8220;40&#8243; down=&#8220;0&#8243;][vc_column_text css=&#8220;&#8220;] Konzeption Elisabeth Weigel Text Susanne Franz Design &amp; Programmierung http:\/\/www.kruse-medien.de Bildrechte Shutterstock.com: \u00a9 leo_photo , \u00a9 dennizn, \u00a9 Alexandru Chiriac, \u00a9 weedezign...\" \/>\n<meta property=\"og:url\" content=\"https:\/\/thoennes.com\/?page_id=15499\" \/>\n<meta property=\"og:site_name\" content=\"Thoennes\" \/>\n<meta property=\"article:modified_time\" content=\"2025-04-03T15:21:35+00:00\" \/>\n<meta property=\"og:image\" content=\"https:\/\/thoennes.com\/wp-content\/uploads\/2018\/02\/Kruse-Medien_Logo.png\" \/>\n\t<meta property=\"og:image:width\" content=\"198\" \/>\n\t<meta property=\"og:image:height\" content=\"53\" \/>\n\t<meta property=\"og:image:type\" content=\"image\/png\" \/>\n<meta name=\"twitter:card\" content=\"summary_large_image\" \/>\n<meta name=\"twitter:label1\" content=\"Gesch\u00e4tzte Lesezeit\" \/>\n\t<meta name=\"twitter:data1\" content=\"2\u00a0Minuten\" \/>\n<script type=\"application\/ld+json\" class=\"yoast-schema-graph\">{\"@context\":\"https:\\\/\\\/schema.org\",\"@graph\":[{\"@type\":\"WebPage\",\"@id\":\"https:\\\/\\\/thoennes.com\\\/?page_id=15499\",\"url\":\"https:\\\/\\\/thoennes.com\\\/?page_id=15499\",\"name\":\"Impressum - Thoennes\",\"isPartOf\":{\"@id\":\"https:\\\/\\\/thoennes.com\\\/#website\"},\"primaryImageOfPage\":{\"@id\":\"https:\\\/\\\/thoennes.com\\\/?page_id=15499#primaryimage\"},\"image\":{\"@id\":\"https:\\\/\\\/thoennes.com\\\/?page_id=15499#primaryimage\"},\"thumbnailUrl\":\"https:\\\/\\\/thoennes.com\\\/wp-content\\\/uploads\\\/2018\\\/02\\\/Kruse-Medien_Logo.png\",\"datePublished\":\"2018-02-21T12:29:22+00:00\",\"dateModified\":\"2025-04-03T15:21:35+00:00\",\"breadcrumb\":{\"@id\":\"https:\\\/\\\/thoennes.com\\\/?page_id=15499#breadcrumb\"},\"inLanguage\":\"de\",\"potentialAction\":[{\"@type\":\"ReadAction\",\"target\":[\"https:\\\/\\\/thoennes.com\\\/?page_id=15499\"]}]},{\"@type\":\"ImageObject\",\"inLanguage\":\"de\",\"@id\":\"https:\\\/\\\/thoennes.com\\\/?page_id=15499#primaryimage\",\"url\":\"https:\\\/\\\/thoennes.com\\\/wp-content\\\/uploads\\\/2018\\\/02\\\/Kruse-Medien_Logo.png\",\"contentUrl\":\"https:\\\/\\\/thoennes.com\\\/wp-content\\\/uploads\\\/2018\\\/02\\\/Kruse-Medien_Logo.png\",\"width\":198,\"height\":53},{\"@type\":\"BreadcrumbList\",\"@id\":\"https:\\\/\\\/thoennes.com\\\/?page_id=15499#breadcrumb\",\"itemListElement\":[{\"@type\":\"ListItem\",\"position\":1,\"name\":\"Start\",\"item\":\"https:\\\/\\\/thoennes.com\\\/\"},{\"@type\":\"ListItem\",\"position\":2,\"name\":\"Impressum\"}]},{\"@type\":\"WebSite\",\"@id\":\"https:\\\/\\\/thoennes.com\\\/#website\",\"url\":\"https:\\\/\\\/thoennes.com\\\/\",\"name\":\"Thoennes\",\"description\":\"\",\"potentialAction\":[{\"@type\":\"SearchAction\",\"target\":{\"@type\":\"EntryPoint\",\"urlTemplate\":\"https:\\\/\\\/thoennes.com\\\/?s={search_term_string}\"},\"query-input\":{\"@type\":\"PropertyValueSpecification\",\"valueRequired\":true,\"valueName\":\"search_term_string\"}}],\"inLanguage\":\"de\"}]}<\/script>\n<!-- \/ Yoast SEO plugin. -->","yoast_head_json":{"title":"Impressum - Thoennes","robots":{"index":"noindex","follow":"follow"},"og_locale":"de_DE","og_type":"article","og_title":"Impressum - Thoennes","og_description":"[vc_row css_animation=&#8220;&#8220; row_type=&#8220;row&#8220; use_row_as_full_screen_section=&#8220;no&#8220; type=&#8220;grid&#8220; angled_section=&#8220;no&#8220; text_align=&#8220;left&#8220; background_image_as_pattern=&#8220;without_pattern&#8220; padding_top=&#8220;80&#8243; padding_bottom=&#8220;49&#8243;][vc_column width=&#8220;1\/2&#8243;][vc_column_text] Th\u00f6nnes Datensysteme GmbH Kronwinkler Stra\u00dfe 24 | 81245 M\u00fcnchen +49 89 896086-0 +49 89 896086-99 info@thoennes.com www.thoennes.com[\/vc_column_text][vc_separator type=&#8220;transparent&#8220; up=&#8220;40&#8243; down=&#8220;0&#8243;][vc_column_text]Vertretungsberechtigter Gesch\u00e4ftsf\u00fchrer: Dipl.-Kaufm. (FH) Hans-Michael Kenda &nbsp; Registergericht: Amtsgericht M\u00fcnchen Registernummer: HRB M\u00fcnchen 82664 &nbsp; Umsatzsteuer-Identifikationsnummer gem\u00e4\u00df \u00a7 27 a Umsatzsteuergesetz: DE 129479192 &nbsp; Inhaltlich Verantwortlicher gem\u00e4\u00df \u00a7 6 MDStV: Dipl.-Kaufm. (FH) Hans-Michael Kenda[\/vc_column_text][vc_separator type=&#8220;transparent&#8220; up=&#8220;40&#8243; down=&#8220;0&#8243;][vc_column_text css=&#8220;&#8220;] Konzeption Elisabeth Weigel Text Susanne Franz Design &amp; Programmierung http:\/\/www.kruse-medien.de Bildrechte Shutterstock.com: \u00a9 leo_photo , \u00a9 dennizn, \u00a9 Alexandru Chiriac, \u00a9 weedezign...","og_url":"https:\/\/thoennes.com\/?page_id=15499","og_site_name":"Thoennes","article_modified_time":"2025-04-03T15:21:35+00:00","og_image":[{"width":198,"height":53,"url":"https:\/\/thoennes.com\/wp-content\/uploads\/2018\/02\/Kruse-Medien_Logo.png","type":"image\/png"}],"twitter_card":"summary_large_image","twitter_misc":{"Gesch\u00e4tzte Lesezeit":"2\u00a0Minuten"},"schema":{"@context":"https:\/\/schema.org","@graph":[{"@type":"WebPage","@id":"https:\/\/thoennes.com\/?page_id=15499","url":"https:\/\/thoennes.com\/?page_id=15499","name":"Impressum - Thoennes","isPartOf":{"@id":"https:\/\/thoennes.com\/#website"},"primaryImageOfPage":{"@id":"https:\/\/thoennes.com\/?page_id=15499#primaryimage"},"image":{"@id":"https:\/\/thoennes.com\/?page_id=15499#primaryimage"},"thumbnailUrl":"https:\/\/thoennes.com\/wp-content\/uploads\/2018\/02\/Kruse-Medien_Logo.png","datePublished":"2018-02-21T12:29:22+00:00","dateModified":"2025-04-03T15:21:35+00:00","breadcrumb":{"@id":"https:\/\/thoennes.com\/?page_id=15499#breadcrumb"},"inLanguage":"de","potentialAction":[{"@type":"ReadAction","target":["https:\/\/thoennes.com\/?page_id=15499"]}]},{"@type":"ImageObject","inLanguage":"de","@id":"https:\/\/thoennes.com\/?page_id=15499#primaryimage","url":"https:\/\/thoennes.com\/wp-content\/uploads\/2018\/02\/Kruse-Medien_Logo.png","contentUrl":"https:\/\/thoennes.com\/wp-content\/uploads\/2018\/02\/Kruse-Medien_Logo.png","width":198,"height":53},{"@type":"BreadcrumbList","@id":"https:\/\/thoennes.com\/?page_id=15499#breadcrumb","itemListElement":[{"@type":"ListItem","position":1,"name":"Start","item":"https:\/\/thoennes.com\/"},{"@type":"ListItem","position":2,"name":"Impressum"}]},{"@type":"WebSite","@id":"https:\/\/thoennes.com\/#website","url":"https:\/\/thoennes.com\/","name":"Thoennes","description":"","potentialAction":[{"@type":"SearchAction","target":{"@type":"EntryPoint","urlTemplate":"https:\/\/thoennes.com\/?s={search_term_string}"},"query-input":{"@type":"PropertyValueSpecification","valueRequired":true,"valueName":"search_term_string"}}],"inLanguage":"de"}]}},"_links":{"self":[{"href":"https:\/\/thoennes.com\/index.php?rest_route=\/wp\/v2\/pages\/15499","targetHints":{"allow":["GET"]}}],"collection":[{"href":"https:\/\/thoennes.com\/index.php?rest_route=\/wp\/v2\/pages"}],"about":[{"href":"https:\/\/thoennes.com\/index.php?rest_route=\/wp\/v2\/types\/page"}],"author":[{"embeddable":true,"href":"https:\/\/thoennes.com\/index.php?rest_route=\/wp\/v2\/users\/1"}],"replies":[{"embeddable":true,"href":"https:\/\/thoennes.com\/index.php?rest_route=%2Fwp%2Fv2%2Fcomments&post=15499"}],"version-history":[{"count":1,"href":"https:\/\/thoennes.com\/index.php?rest_route=\/wp\/v2\/pages\/15499\/revisions"}],"predecessor-version":[{"id":16019,"href":"https:\/\/thoennes.com\/index.php?rest_route=\/wp\/v2\/pages\/15499\/revisions\/16019"}],"wp:attachment":[{"href":"https:\/\/thoennes.com\/index.php?rest_route=%2Fwp%2Fv2%2Fmedia&parent=15499"}],"curies":[{"name":"wp","href":"https:\/\/api.w.org\/{rel}","templated":true}]}}