{"id":15436,"date":"2018-02-12T17:22:40","date_gmt":"2018-02-12T16:22:40","guid":{"rendered":"https:\/\/thoennes.com\/?page_id=15436"},"modified":"2018-02-12T17:22:40","modified_gmt":"2018-02-12T16:22:40","slug":"windows-microsoft-know-how","status":"publish","type":"page","link":"https:\/\/thoennes.com\/?page_id=15436","title":{"rendered":"Know-how"},"content":{"rendered":"<div class=\"wpb-content-wrapper\"><p>[vc_row css_animation=&#8220;&#8220; row_type=&#8220;row&#8220; use_row_as_full_screen_section=&#8220;no&#8220; type=&#8220;grid&#8220; angled_section=&#8220;yes&#8220; angled_section_position=&#8220;top&#8220; angled_section_direction=&#8220;from_left_to_right&#8220; text_align=&#8220;left&#8220; background_image_as_pattern=&#8220;without_pattern&#8220; background_color=&#8220;#ffffff&#8220; padding_top=&#8220;30&#8243; padding_bottom=&#8220;60&#8243; z_index=&#8220;&#8220;][vc_column offset=&#8220;vc_col-lg-8&#8243;][vc_column_text el_class=&#8220;lead&#8220;]<strong>Die Dienstleistungen von Th\u00f6nnes basieren auf einer breiten fachlichen Expertise.<br \/>\n<\/strong>Der Fokus unseres IT-Supports liegt auf Microsoft-basierenden Netzwerken und Office-Anwendungen.\u00a0 Unser Angebot umfasst hier breit gef\u00e4chterte Leistungen, angefangen von der Gesch\u00e4ftsprozessunterst\u00fctzung bis hin zu L\u00f6sungen f\u00fcr eine effektive IT-Infrastruktur.<\/p>\n<p><strong>Unser Credo ist die individuelle Betreuung.<br \/>\n<\/strong>Kein Anwendungsfall ist vergleichbar. Gemeinsam mit Ihnen finden wir eine umsetzbare L\u00f6sung f\u00fcr Ihre IT-Anforderungen.<\/p>\n<p>Sie suchen eine Leistung und finden sie nicht auf unserer Seite? <strong>Fragen Sie bei uns an:<\/strong> Wir sind gut vernetzt und kennen (fast) immer jemanden, den wir mit ins Boot holen k\u00f6nnen.[\/vc_column_text][vc_separator type=&#8220;transparent&#8220; up=&#8220;22&#8243; down=&#8220;0&#8243;][\/vc_column][\/vc_row][vc_row css_animation=&#8220;&#8220; row_type=&#8220;row&#8220; use_row_as_full_screen_section=&#8220;no&#8220; type=&#8220;grid&#8220; angled_section=&#8220;yes&#8220; angled_section_position=&#8220;bottom&#8220; angled_section_direction=&#8220;from_left_to_right&#8220; text_align=&#8220;left&#8220; background_image_as_pattern=&#8220;without_pattern&#8220; z_index=&#8220;&#8220; css=&#8220;.vc_custom_1532422445338{padding-bottom: 50px !important;}&#8220;][vc_column][vc_column_text]<\/p>\n<h2 class=\"h2_big_blue\">Unser Leistungsspektrum im Einzelnen:<\/h2>\n<p>[\/vc_column_text][vc_row_inner row_type=&#8220;row&#8220; type=&#8220;full_width&#8220; text_align=&#8220;left&#8220; css_animation=&#8220;&#8220;][vc_column_inner width=&#8220;1\/2&#8243;]<div class='q_icon_with_title medium normal_icon left_from_title '><div class=\"icon_text_holder\" style=\"\"><div class=\"icon_text_inner\" style=\"\"><div class=\"icon_title_holder\"><div class=\"icon_holder \" style=\" \"><span data-icon-type=\"normal\" class=\"qode_iwt_icon_holder q_font_awsome_icon fa-3x  \"><i class=\"qode_icon_font_awesome fa fa-cogs qode_iwt_icon_element\" style=\"color: #ffffff\"><\/i><\/span><\/div><h2 class=\"icon_title\" style=\"color: #ffffff;\">IT-Service-Management (ITSM)<\/h2><\/div><p style=''><\/p><\/div><\/div><\/div>[vc_column_text el_class=&#8220;box-grau&#8220;]Gesch\u00e4ftsprozessunterst\u00fctzung ist das Ziel einer kontinuierlich optimierten IT-Organisation. Ma\u00dfgebend f\u00fcr Th\u00f6nnes ist eine wirksame IT-Dienstleistung, um die Effizienz und die Qualit\u00e4t der IT mittels geeigneter ITSM-Tools systematisch zu verbessern. Dabei orientieren wir uns an den Standards der Information Technology Infrastructure Library (ITIL).[\/vc_column_text]<div class='q_icon_with_title medium normal_icon left_from_title '><div class=\"icon_text_holder\" style=\"\"><div class=\"icon_text_inner\" style=\"\"><div class=\"icon_title_holder\"><div class=\"icon_holder \" style=\" \"><span data-icon-type=\"normal\" class=\"qode_iwt_icon_holder q_font_awsome_icon fa-3x  \"><i class=\"qode_icon_font_awesome fa fa-hand-peace-o qode_iwt_icon_element\" style=\"color: #ffffff\"><\/i><\/span><\/div><h2 class=\"icon_title\" style=\"color: #ffffff;\">Windows Support<\/h2><\/div><p style=''><\/p><\/div><\/div><\/div>[vc_column_text el_class=&#8220;box-grau&#8220;]Wir verf\u00fcgen \u00fcber ein breites Spektrum an Wissen f\u00fcr die Windows-Betreuung \u2013 unser Support umfasst die Versionen ab Windows 7.[\/vc_column_text]<div class='q_icon_with_title medium normal_icon left_from_title '><div class=\"icon_text_holder\" style=\"\"><div class=\"icon_text_inner\" style=\"\"><div class=\"icon_title_holder\"><div class=\"icon_holder \" style=\" \"><span data-icon-type=\"normal\" class=\"qode_iwt_icon_holder q_font_awsome_icon fa-3x  \"><i class=\"qode_icon_font_awesome fa fa-hand-pointer-o qode_iwt_icon_element\" style=\"color: #ffffff\"><\/i><\/span><\/div><h2 class=\"icon_title\" style=\"color: #ffffff;\">MS Office\/Office 365<\/h2><\/div><p style=''><\/p><\/div><\/div><\/div>[vc_column_text el_class=&#8220;box-grau&#8220;]Unser MS Office Support bezieht sich auf alle unterst\u00fctzten Versionen der Office-Programme sowie Office 365 \u2013 Outlook-Support inbegriffen.[\/vc_column_text][\/vc_column_inner][vc_column_inner width=&#8220;1\/2&#8243;]<div class='q_icon_with_title medium normal_icon left_from_title '><div class=\"icon_text_holder\" style=\"\"><div class=\"icon_text_inner\" style=\"\"><div class=\"icon_title_holder\"><div class=\"icon_holder \" style=\" \"><span data-icon-type=\"normal\" class=\"qode_iwt_icon_holder q_font_awsome_icon fa-3x  \"><i class=\"qode_icon_font_awesome fa fa-hand-scissors-o qode_iwt_icon_element\" style=\"color: #ffffff\"><\/i><\/span><\/div><h2 class=\"icon_title\" style=\"color: #ffffff;\">Microsoft Exchange Server<\/h2><\/div><p style=''><\/p><\/div><\/div><\/div>[vc_column_text el_class=&#8220;box-grau&#8220;]F\u00fcr eine IT-Infrastruktur ist die Konzeption der Zusammenarbeit in einem Unternehmen ein wesentliches Thema. In diesem Zusammenhang bieten wir die Installation und Integration des Microsoft Windows-Servers inclusive aller weiterer notwendiger Software, z. B. Microsoft Outlook bzw. Outlook on the web.[\/vc_column_text]<div class='q_icon_with_title medium normal_icon left_from_title '><div class=\"icon_text_holder\" style=\"\"><div class=\"icon_text_inner\" style=\"\"><div class=\"icon_title_holder\"><div class=\"icon_holder \" style=\" \"><span data-icon-type=\"normal\" class=\"qode_iwt_icon_holder q_font_awsome_icon fa-3x  \"><i class=\"qode_icon_font_awesome fa fa-hand-rock-o qode_iwt_icon_element\" style=\"color: #ffffff\"><\/i><\/span><\/div><h2 class=\"icon_title\" style=\"color: #ffffff;\">SharePoint<\/h2><\/div><p style=''><\/p><\/div><\/div><\/div>[vc_column_text el_class=&#8220;box-grau&#8220;]Das Intranet f\u00fcr die Zusammenarbeit in Unternehmen l\u00e4sst sich \u00fcber Microsoft SharePoint realisieren: Teamwebsites erleichtern den Informationsfluss und Datenaustausch der einzelnen Abteilungen oder Projektgruppen. Wir \u00fcbernehmen Installation und Anpassung des SharePoint-Servers, zus\u00e4tzlich eine Integration der L\u00f6sungen.<\/p>\n<p>Share Point wird auch als zentrales Tool f\u00fcr Dokumentenmanagement und Archivierung eingesetzt. Vergleichbar mit einem DMS-System bieten wir hier zus\u00e4tzlich L\u00f6sungen zum Finden und Suchen von Dokumenten \u2013 ausschlaggebend f\u00fcr eine produktive Kollaboration im Team.[\/vc_column_text]<div class='q_icon_with_title medium normal_icon left_from_title '><div class=\"icon_text_holder\" style=\"\"><div class=\"icon_text_inner\" style=\"\"><div class=\"icon_title_holder\"><div class=\"icon_holder \" style=\" \"><span data-icon-type=\"normal\" class=\"qode_iwt_icon_holder q_font_awsome_icon fa-3x  \"><i class=\"qode_icon_font_awesome fa fa-server qode_iwt_icon_element\" style=\"color: #ffffff\"><\/i><\/span><\/div><h2 class=\"icon_title\" style=\"color: #ffffff;\">Server-Virtualisierung<\/h2><\/div><p style=''><\/p><\/div><\/div><\/div>[vc_column_text el_class=&#8220;box-grau&#8220;]Als Virtualisierungsl\u00f6sungen im Microsoft-Umfeld stehen Hyper V oder VM-Ware zur Verf\u00fcgung: Wir unterst\u00fctzen Sie bei Integration und Betrieb dieser virtuellen Server-Software in Dienste einer leistungsf\u00e4higen IT-Infrastruktur f\u00fcr Ihr Unternehmen.[\/vc_column_text][\/vc_column_inner][\/vc_row_inner][\/vc_column][\/vc_row][vc_row css_animation=&#8220;&#8220; row_type=&#8220;row&#8220; use_row_as_full_screen_section=&#8220;no&#8220; type=&#8220;full_width&#8220; angled_section=&#8220;yes&#8220; angled_section_position=&#8220;top&#8220; angled_section_direction=&#8220;from_left_to_right&#8220; text_align=&#8220;left&#8220; background_image_as_pattern=&#8220;without_pattern&#8220; background_image=&#8220;15478&#8243; padding_bottom=&#8220;0&#8243; z_index=&#8220;&#8220;][vc_column parallax=&#8220;content-moving-fade&#8220; css=&#8220;.vc_custom_1521034546540{margin-top: 50px !important;}&#8220;][vc_separator type=&#8220;transparent&#8220; up=&#8220;150&#8243;][\/vc_column][\/vc_row]<\/p>\n<\/div>","protected":false},"excerpt":{"rendered":"<p>[vc_row css_animation=&#8220;&#8220; row_type=&#8220;row&#8220; use_row_as_full_screen_section=&#8220;no&#8220; type=&#8220;grid&#8220; angled_section=&#8220;yes&#8220; angled_section_position=&#8220;top&#8220; angled_section_direction=&#8220;from_left_to_right&#8220; text_align=&#8220;left&#8220; background_image_as_pattern=&#8220;without_pattern&#8220; background_color=&#8220;#ffffff&#8220; padding_top=&#8220;30&#8243; padding_bottom=&#8220;60&#8243; z_index=&#8220;&#8220;][vc_column offset=&#8220;vc_col-lg-8&#8243;][vc_column_text el_class=&#8220;lead&#8220;]Die Dienstleistungen von Th\u00f6nnes basieren auf einer breiten fachlichen Expertise. Der Fokus unseres IT-Supports liegt auf Microsoft-basierenden Netzwerken und Office-Anwendungen.\u00a0 Unser Angebot umfasst hier breit gef\u00e4chterte Leistungen, angefangen von der Gesch\u00e4ftsprozessunterst\u00fctzung bis hin zu L\u00f6sungen f\u00fcr eine effektive IT-Infrastruktur. Unser Credo ist die individuelle Betreuung. Kein Anwendungsfall ist vergleichbar. Gemeinsam mit Ihnen finden wir eine umsetzbare L\u00f6sung f\u00fcr Ihre IT-Anforderungen. Sie suchen eine Leistung und finden sie nicht auf unserer Seite? Fragen Sie bei uns&#8230;<\/p>\n","protected":false},"author":1,"featured_media":0,"parent":0,"menu_order":0,"comment_status":"open","ping_status":"open","template":"full_width.php","meta":{"footnotes":""},"class_list":["post-15436","page","type-page","status-publish","hentry"],"yoast_head":"<!-- This site is optimized with the Yoast SEO plugin v27.3 - https:\/\/yoast.com\/product\/yoast-seo-wordpress\/ -->\n<title>Microsoft, Windows, Office, Sharepoint - wir kennen alles - Thoennes<\/title>\n<meta name=\"description\" content=\"Wir betreuen das Windows Universium Ihrer Computer - vom Betriebssystem, Software wie MS Office, oder Server L\u00f6sungen MS Exchange und Sharepoint.\" \/>\n<meta name=\"robots\" content=\"index, follow, max-snippet:-1, max-image-preview:large, max-video-preview:-1\" \/>\n<link rel=\"canonical\" href=\"https:\/\/thoennes.com\/?page_id=15436\" \/>\n<meta property=\"og:locale\" content=\"de_DE\" \/>\n<meta property=\"og:type\" content=\"article\" \/>\n<meta property=\"og:title\" content=\"Microsoft, Windows, Office, Sharepoint - wir kennen alles - Thoennes\" \/>\n<meta property=\"og:description\" content=\"Wir betreuen das Windows Universium Ihrer Computer - vom Betriebssystem, Software wie MS Office, oder Server L\u00f6sungen MS Exchange und Sharepoint.\" \/>\n<meta property=\"og:url\" content=\"https:\/\/thoennes.com\/?page_id=15436\" \/>\n<meta property=\"og:site_name\" content=\"Thoennes\" \/>\n<meta name=\"twitter:card\" content=\"summary_large_image\" \/>\n<meta name=\"twitter:label1\" content=\"Gesch\u00e4tzte Lesezeit\" \/>\n\t<meta name=\"twitter:data1\" content=\"4\u00a0Minuten\" \/>\n<script type=\"application\/ld+json\" class=\"yoast-schema-graph\">{\"@context\":\"https:\\\/\\\/schema.org\",\"@graph\":[{\"@type\":\"WebPage\",\"@id\":\"https:\\\/\\\/thoennes.com\\\/?page_id=15436\",\"url\":\"https:\\\/\\\/thoennes.com\\\/?page_id=15436\",\"name\":\"Microsoft, Windows, Office, Sharepoint - wir kennen alles - Thoennes\",\"isPartOf\":{\"@id\":\"https:\\\/\\\/thoennes.com\\\/#website\"},\"datePublished\":\"2018-02-12T16:22:40+00:00\",\"description\":\"Wir betreuen das Windows Universium Ihrer Computer - vom Betriebssystem, Software wie MS Office, oder Server L\u00f6sungen MS Exchange und Sharepoint.\",\"breadcrumb\":{\"@id\":\"https:\\\/\\\/thoennes.com\\\/?page_id=15436#breadcrumb\"},\"inLanguage\":\"de\",\"potentialAction\":[{\"@type\":\"ReadAction\",\"target\":[\"https:\\\/\\\/thoennes.com\\\/?page_id=15436\"]}]},{\"@type\":\"BreadcrumbList\",\"@id\":\"https:\\\/\\\/thoennes.com\\\/?page_id=15436#breadcrumb\",\"itemListElement\":[{\"@type\":\"ListItem\",\"position\":1,\"name\":\"Start\",\"item\":\"https:\\\/\\\/thoennes.com\\\/\"},{\"@type\":\"ListItem\",\"position\":2,\"name\":\"Know-how\"}]},{\"@type\":\"WebSite\",\"@id\":\"https:\\\/\\\/thoennes.com\\\/#website\",\"url\":\"https:\\\/\\\/thoennes.com\\\/\",\"name\":\"Thoennes\",\"description\":\"\",\"potentialAction\":[{\"@type\":\"SearchAction\",\"target\":{\"@type\":\"EntryPoint\",\"urlTemplate\":\"https:\\\/\\\/thoennes.com\\\/?s={search_term_string}\"},\"query-input\":{\"@type\":\"PropertyValueSpecification\",\"valueRequired\":true,\"valueName\":\"search_term_string\"}}],\"inLanguage\":\"de\"}]}<\/script>\n<!-- \/ Yoast SEO plugin. -->","yoast_head_json":{"title":"Microsoft, Windows, Office, Sharepoint - wir kennen alles - Thoennes","description":"Wir betreuen das Windows Universium Ihrer Computer - vom Betriebssystem, Software wie MS Office, oder Server L\u00f6sungen MS Exchange und Sharepoint.","robots":{"index":"index","follow":"follow","max-snippet":"max-snippet:-1","max-image-preview":"max-image-preview:large","max-video-preview":"max-video-preview:-1"},"canonical":"https:\/\/thoennes.com\/?page_id=15436","og_locale":"de_DE","og_type":"article","og_title":"Microsoft, Windows, Office, Sharepoint - wir kennen alles - Thoennes","og_description":"Wir betreuen das Windows Universium Ihrer Computer - vom Betriebssystem, Software wie MS Office, oder Server L\u00f6sungen MS Exchange und Sharepoint.","og_url":"https:\/\/thoennes.com\/?page_id=15436","og_site_name":"Thoennes","twitter_card":"summary_large_image","twitter_misc":{"Gesch\u00e4tzte Lesezeit":"4\u00a0Minuten"},"schema":{"@context":"https:\/\/schema.org","@graph":[{"@type":"WebPage","@id":"https:\/\/thoennes.com\/?page_id=15436","url":"https:\/\/thoennes.com\/?page_id=15436","name":"Microsoft, Windows, Office, Sharepoint - wir kennen alles - Thoennes","isPartOf":{"@id":"https:\/\/thoennes.com\/#website"},"datePublished":"2018-02-12T16:22:40+00:00","description":"Wir betreuen das Windows Universium Ihrer Computer - vom Betriebssystem, Software wie MS Office, oder Server L\u00f6sungen MS Exchange und Sharepoint.","breadcrumb":{"@id":"https:\/\/thoennes.com\/?page_id=15436#breadcrumb"},"inLanguage":"de","potentialAction":[{"@type":"ReadAction","target":["https:\/\/thoennes.com\/?page_id=15436"]}]},{"@type":"BreadcrumbList","@id":"https:\/\/thoennes.com\/?page_id=15436#breadcrumb","itemListElement":[{"@type":"ListItem","position":1,"name":"Start","item":"https:\/\/thoennes.com\/"},{"@type":"ListItem","position":2,"name":"Know-how"}]},{"@type":"WebSite","@id":"https:\/\/thoennes.com\/#website","url":"https:\/\/thoennes.com\/","name":"Thoennes","description":"","potentialAction":[{"@type":"SearchAction","target":{"@type":"EntryPoint","urlTemplate":"https:\/\/thoennes.com\/?s={search_term_string}"},"query-input":{"@type":"PropertyValueSpecification","valueRequired":true,"valueName":"search_term_string"}}],"inLanguage":"de"}]}},"_links":{"self":[{"href":"https:\/\/thoennes.com\/index.php?rest_route=\/wp\/v2\/pages\/15436","targetHints":{"allow":["GET"]}}],"collection":[{"href":"https:\/\/thoennes.com\/index.php?rest_route=\/wp\/v2\/pages"}],"about":[{"href":"https:\/\/thoennes.com\/index.php?rest_route=\/wp\/v2\/types\/page"}],"author":[{"embeddable":true,"href":"https:\/\/thoennes.com\/index.php?rest_route=\/wp\/v2\/users\/1"}],"replies":[{"embeddable":true,"href":"https:\/\/thoennes.com\/index.php?rest_route=%2Fwp%2Fv2%2Fcomments&post=15436"}],"version-history":[{"count":0,"href":"https:\/\/thoennes.com\/index.php?rest_route=\/wp\/v2\/pages\/15436\/revisions"}],"wp:attachment":[{"href":"https:\/\/thoennes.com\/index.php?rest_route=%2Fwp%2Fv2%2Fmedia&parent=15436"}],"curies":[{"name":"wp","href":"https:\/\/api.w.org\/{rel}","templated":true}]}}