{"id":15431,"date":"2018-02-12T17:19:48","date_gmt":"2018-02-12T16:19:48","guid":{"rendered":"https:\/\/thoennes.com\/?page_id=15431"},"modified":"2025-07-11T16:48:26","modified_gmt":"2025-07-11T14:48:26","slug":"ueber-uns","status":"publish","type":"page","link":"https:\/\/thoennes.com\/?page_id=15431","title":{"rendered":"\u00dcber uns"},"content":{"rendered":"<div class=\"wpb-content-wrapper\"><p>[vc_row css_animation=&#8220;&#8220; row_type=&#8220;row&#8220; use_row_as_full_screen_section=&#8220;no&#8220; type=&#8220;grid&#8220; angled_section=&#8220;yes&#8220; angled_section_position=&#8220;top&#8220; angled_section_direction=&#8220;from_left_to_right&#8220; text_align=&#8220;left&#8220; background_image_as_pattern=&#8220;without_pattern&#8220; background_color=&#8220;#ffffff&#8220; padding_top=&#8220;30&#8243; padding_bottom=&#8220;60&#8243; z_index=&#8220;&#8220;][vc_column offset=&#8220;vc_col-lg-8&#8243;][vc_column_text el_class=&#8220;lead&#8220;]<strong>Seit \u00fcber drei Jahrzehnten steht der Name Th\u00f6nnes Datensysteme GmbH f\u00fcr eine &#8222;verst\u00e4ndliche IT&#8220;.<br \/>\n<\/strong>Wesentlich beim Kontakt mit unseren Auftraggebern ist eine individuelle Betreuung, ein Service, der sich in einem langj\u00e4hrigen Kundenstamm widerspiegelt.<\/p>\n<p><strong>Unser Selbstverst\u00e4ndnis basiert auf der herausragenden Qualit\u00e4t unserer Dienstleistungen.<br \/>\n<\/strong>Dies zeigt sich vor allem in unserer fachlich ausgezeichneten Expertise. Unsere Mitarbeiterinnen und Mitarbeiter entwickeln passende und nachvollziehbare L\u00f6sungen f\u00fcr mittelst\u00e4ndische Betriebe aus dem Gro\u00dfraum M\u00fcnchen, aber auch f\u00fcr internationale Unternehmen mit Standorten in Deutschland.[\/vc_column_text][\/vc_column][\/vc_row][vc_row css_animation=&#8220;&#8220; row_type=&#8220;row&#8220; use_row_as_full_screen_section=&#8220;no&#8220; type=&#8220;grid&#8220; angled_section=&#8220;yes&#8220; angled_section_position=&#8220;bottom&#8220; angled_section_direction=&#8220;from_left_to_right&#8220; text_align=&#8220;left&#8220; background_image_as_pattern=&#8220;without_pattern&#8220; z_index=&#8220;&#8220;][vc_column][vc_row_inner row_type=&#8220;row&#8220; type=&#8220;full_width&#8220; text_align=&#8220;left&#8220; css_animation=&#8220;&#8220; css=&#8220;.vc_custom_1532438837318{margin-bottom: 70px !important;}&#8220;][vc_column_inner width=&#8220;1\/2&#8243;]<div class='q_icon_with_title medium normal_icon left_from_title '><div class=\"icon_text_holder\" style=\"\"><div class=\"icon_text_inner\" style=\"\"><div class=\"icon_title_holder\"><div class=\"icon_holder \" style=\" \"><span data-icon-type=\"normal\" class=\"qode_iwt_icon_holder q_font_awsome_icon fa-3x  \"><i class=\"qode_icon_font_awesome fa fa-handshake-o qode_iwt_icon_element\" style=\"color: #ffffff\"><\/i><\/span><\/div><h2 class=\"icon_title\" style=\"color: #ffffff;\">Wie sind wir aufgestellt?<\/h2><\/div><p style=''><\/p><\/div><\/div><\/div>[vc_column_text]Gegr\u00fcndet wurde die Th\u00f6nnes Datensysteme GmbH 1987 als Nachfolgerin der Th\u00f6nnes Elektronik in M\u00fcnchen. Stabile Inhaber- und langj\u00e4hrige Arbeitsverh\u00e4ltnisse pr\u00e4gen unsere Firmenkultur: 1988 in das Unternehmen eingetreten, f\u00fchrt Dipl.-Kaufm. (FH) Hans-Michael Kenda seit 2002 die Gesch\u00e4fte.<\/p>\n<p>Im langj\u00e4hrigen Durchschnitt besch\u00e4ftigt die Th\u00f6nnes Datensysteme GmbH zwischen 20 und 30 festangestellte Mitarbeiterinnen und Mitarbeiter. Um das Team zeitweise zu verst\u00e4rken, kann das Unternehmen \u2013 aufgrund der jahrzehntelangen Pr\u00e4senz in der Region \u2013 zus\u00e4tzlich auf einen etwa genauso gro\u00dfen Stamm an bew\u00e4hrten Freiberuflern zur\u00fcckgreifen.[\/vc_column_text][vc_column_text][\/vc_column_text][\/vc_column_inner][vc_column_inner width=&#8220;1\/2&#8243;]<div class='q_icon_with_title medium normal_icon left_from_title '><div class=\"icon_text_holder\" style=\"\"><div class=\"icon_text_inner\" style=\"\"><div class=\"icon_title_holder\"><div class=\"icon_holder \" style=\" \"><span data-icon-type=\"normal\" class=\"qode_iwt_icon_holder q_font_awsome_icon fa-3x  \"><i class=\"qode_icon_font_awesome fa fa-handshake-o qode_iwt_icon_element\" style=\"color: #ffffff\"><\/i><\/span><\/div><h2 class=\"icon_title\" style=\"color: #ffffff;\">Wie arbeiten wir?<\/h2><\/div><p style=''><\/p><\/div><\/div><\/div>[vc_column_text]Anhand der technischen, wirtschaftlichen und rechtlichen Rahmenbedingungen erarbeiten wir mit unseren Kunden ein passgenaues, individuelles Dienstleistungskonzept, das ihrem Bedarf entspricht. Wir \u00fcberpr\u00fcfen dabei bestehende IT-Strukturen und beraten ggf. bei n\u00f6tigen Investitionen.<\/p>\n<p>Da wir herstellerunabh\u00e4ngig sind und auch nicht mit Hard- oder Software handeln, erhalten Sie von uns neutrale Empfehlungen, nicht zuletzt auch unter dem Aspekt, dass nicht alles, was technisch machbar ist, in Ihrem Umfeld auch sinnvoll oder wirtschaftlich ist.[\/vc_column_text][\/vc_column_inner][\/vc_row_inner][\/vc_column][\/vc_row][vc_row css_animation=&#8220;&#8220; row_type=&#8220;row&#8220; use_row_as_full_screen_section=&#8220;no&#8220; type=&#8220;grid&#8220; angled_section=&#8220;yes&#8220; angled_section_position=&#8220;bottom&#8220; angled_section_direction=&#8220;from_left_to_right&#8220; text_align=&#8220;left&#8220; background_image_as_pattern=&#8220;without_pattern&#8220; z_index=&#8220;&#8220;][vc_column][vc_row_inner row_type=&#8220;row&#8220; type=&#8220;full_width&#8220; text_align=&#8220;left&#8220; css_animation=&#8220;&#8220; css=&#8220;.vc_custom_1532438837318{margin-bottom: 70px !important;}&#8220;][vc_column_inner width=&#8220;1\/2&#8243;]<div class='q_icon_with_title medium normal_icon left_from_title '><div class=\"icon_text_holder\" style=\"\"><div class=\"icon_text_inner\" style=\"\"><div class=\"icon_title_holder\"><div class=\"icon_holder \" style=\" \"><span data-icon-type=\"normal\" class=\"qode_iwt_icon_holder q_font_awsome_icon fa-3x  \"><i class=\"qode_icon_font_awesome fa fa-handshake-o qode_iwt_icon_element\" style=\"color: #ffffff\"><\/i><\/span><\/div><h2 class=\"icon_title\" style=\"color: #ffffff;\">Ausbildung<\/h2><\/div><p style=''><\/p><\/div><\/div><\/div>[vc_column_text css=&#8220;&#8220;]Als IHK-Partner engagiert sich Th\u00f6nnes seit Jahren f\u00fcr die Ausbildung neuer Fachkr\u00e4fte: Wir sind seit 1994 Ausbildungsbetrieb f\u00fcr IT-Berufe und bilden seit 1997 zum \u201eFachinformatiker\/Fachinformatikerin Systemintegration (IHK)\u201c aus.<br \/>\n<a href=\"https:\/\/thoennes.com\/?page_id=15864\"><strong>&gt;&gt; mehr Informationen<\/strong><\/a>[\/vc_column_text][\/vc_column_inner][vc_column_inner width=&#8220;1\/2&#8243;]<div class='q_icon_with_title medium normal_icon left_from_title '><div class=\"icon_text_holder\" style=\"\"><div class=\"icon_text_inner\" style=\"\"><div class=\"icon_title_holder\"><div class=\"icon_holder \" style=\" \"><span data-icon-type=\"normal\" class=\"qode_iwt_icon_holder q_font_awsome_icon fa-3x  \"><i class=\"qode_icon_font_awesome fa fa-handshake-o qode_iwt_icon_element\" style=\"color: #ffffff\"><\/i><\/span><\/div><h2 class=\"icon_title\" style=\"color: #ffffff;\">Jobs<\/h2><\/div><p style=''><\/p><\/div><\/div><\/div>[vc_column_text css=&#8220;&#8220;]Wir interessieren uns f\u00fcr Sie, wenn Sie sich f\u00fcr das Thema IT begeistern und Sie uns davon \u00fcberzeugen, dass Sie in unserem Unternehmen Ihren Platz finden k\u00f6nnen. Unsere Entscheidung machen wir dabei nicht unbedingt an Ihren Zeugnisnoten fest. Wichtig ist uns dagegen, dass Ihre Pers\u00f6nlichkeit zu unserer Firmenkultur passt. Quereinsteigerinnen und Quereinsteiger sind uns also willkommen.<br \/>\n<a href=\"https:\/\/thoennes.com\/?page_id=15864\"><strong>&gt;&gt; mehr Informationen<\/strong><\/a>[\/vc_column_text][\/vc_column_inner][\/vc_row_inner][\/vc_column][\/vc_row][vc_row css_animation=&#8220;&#8220; row_type=&#8220;row&#8220; use_row_as_full_screen_section=&#8220;no&#8220; type=&#8220;full_width&#8220; angled_section=&#8220;yes&#8220; angled_section_position=&#8220;top&#8220; angled_section_direction=&#8220;from_left_to_right&#8220; text_align=&#8220;left&#8220; background_image_as_pattern=&#8220;without_pattern&#8220; background_image=&#8220;15478&#8243; padding_bottom=&#8220;0&#8243; z_index=&#8220;&#8220;][vc_column parallax=&#8220;content-moving-fade&#8220; css=&#8220;.vc_custom_1521034546540{margin-top: 50px !important;}&#8220;][vc_separator type=&#8220;transparent&#8220; up=&#8220;150&#8243;][\/vc_column][\/vc_row]<\/p>\n<\/div>","protected":false},"excerpt":{"rendered":"<p>[vc_row css_animation=&#8220;&#8220; row_type=&#8220;row&#8220; use_row_as_full_screen_section=&#8220;no&#8220; type=&#8220;grid&#8220; angled_section=&#8220;yes&#8220; angled_section_position=&#8220;top&#8220; angled_section_direction=&#8220;from_left_to_right&#8220; text_align=&#8220;left&#8220; background_image_as_pattern=&#8220;without_pattern&#8220; background_color=&#8220;#ffffff&#8220; padding_top=&#8220;30&#8243; padding_bottom=&#8220;60&#8243; z_index=&#8220;&#8220;][vc_column offset=&#8220;vc_col-lg-8&#8243;][vc_column_text el_class=&#8220;lead&#8220;]Seit \u00fcber drei Jahrzehnten steht der Name Th\u00f6nnes Datensysteme GmbH f\u00fcr eine &#8222;verst\u00e4ndliche IT&#8220;. Wesentlich beim Kontakt mit unseren Auftraggebern ist eine individuelle Betreuung, ein Service, der sich in einem langj\u00e4hrigen Kundenstamm widerspiegelt. Unser Selbstverst\u00e4ndnis basiert auf der herausragenden Qualit\u00e4t unserer Dienstleistungen. Dies zeigt sich vor allem in unserer fachlich ausgezeichneten Expertise. Unsere Mitarbeiterinnen und Mitarbeiter entwickeln passende und nachvollziehbare L\u00f6sungen f\u00fcr mittelst\u00e4ndische Betriebe aus dem Gro\u00dfraum M\u00fcnchen, aber auch f\u00fcr internationale Unternehmen mit Standorten&#8230;<\/p>\n","protected":false},"author":1,"featured_media":0,"parent":0,"menu_order":0,"comment_status":"open","ping_status":"open","template":"full_width.php","meta":{"footnotes":""},"class_list":["post-15431","page","type-page","status-publish","hentry"],"yoast_head":"<!-- This site is optimized with the Yoast SEO plugin v27.3 - https:\/\/yoast.com\/product\/yoast-seo-wordpress\/ -->\n<title>\u00dcber uns - Thoennes<\/title>\n<meta name=\"description\" content=\"Th\u00f6nnes bietet kontinuierliche IT Kompetenz seit \u00fcber 30 Jahren. Wir kennen Firmen, und verstehen welche IT sie wirklich brauchen. F\u00fcr M\u00fcnchen &amp; Bayern.\" \/>\n<meta name=\"robots\" content=\"index, follow, max-snippet:-1, max-image-preview:large, max-video-preview:-1\" \/>\n<link rel=\"canonical\" href=\"https:\/\/thoennes.com\/?page_id=15431\" \/>\n<meta property=\"og:locale\" content=\"de_DE\" \/>\n<meta property=\"og:type\" content=\"article\" \/>\n<meta property=\"og:title\" content=\"\u00dcber uns - Thoennes\" \/>\n<meta property=\"og:description\" content=\"Th\u00f6nnes bietet kontinuierliche IT Kompetenz seit \u00fcber 30 Jahren. Wir kennen Firmen, und verstehen welche IT sie wirklich brauchen. F\u00fcr M\u00fcnchen &amp; Bayern.\" \/>\n<meta property=\"og:url\" content=\"https:\/\/thoennes.com\/?page_id=15431\" \/>\n<meta property=\"og:site_name\" content=\"Thoennes\" \/>\n<meta property=\"article:modified_time\" content=\"2025-07-11T14:48:26+00:00\" \/>\n<meta name=\"twitter:card\" content=\"summary_large_image\" \/>\n<meta name=\"twitter:label1\" content=\"Gesch\u00e4tzte Lesezeit\" \/>\n\t<meta name=\"twitter:data1\" content=\"3\u00a0Minuten\" \/>\n<script type=\"application\/ld+json\" class=\"yoast-schema-graph\">{\"@context\":\"https:\\\/\\\/schema.org\",\"@graph\":[{\"@type\":\"WebPage\",\"@id\":\"https:\\\/\\\/thoennes.com\\\/?page_id=15431\",\"url\":\"https:\\\/\\\/thoennes.com\\\/?page_id=15431\",\"name\":\"\u00dcber uns - Thoennes\",\"isPartOf\":{\"@id\":\"https:\\\/\\\/thoennes.com\\\/#website\"},\"datePublished\":\"2018-02-12T16:19:48+00:00\",\"dateModified\":\"2025-07-11T14:48:26+00:00\",\"description\":\"Th\u00f6nnes bietet kontinuierliche IT Kompetenz seit \u00fcber 30 Jahren. Wir kennen Firmen, und verstehen welche IT sie wirklich brauchen. F\u00fcr M\u00fcnchen & Bayern.\",\"breadcrumb\":{\"@id\":\"https:\\\/\\\/thoennes.com\\\/?page_id=15431#breadcrumb\"},\"inLanguage\":\"de\",\"potentialAction\":[{\"@type\":\"ReadAction\",\"target\":[\"https:\\\/\\\/thoennes.com\\\/?page_id=15431\"]}]},{\"@type\":\"BreadcrumbList\",\"@id\":\"https:\\\/\\\/thoennes.com\\\/?page_id=15431#breadcrumb\",\"itemListElement\":[{\"@type\":\"ListItem\",\"position\":1,\"name\":\"Start\",\"item\":\"https:\\\/\\\/thoennes.com\\\/\"},{\"@type\":\"ListItem\",\"position\":2,\"name\":\"\u00dcber uns\"}]},{\"@type\":\"WebSite\",\"@id\":\"https:\\\/\\\/thoennes.com\\\/#website\",\"url\":\"https:\\\/\\\/thoennes.com\\\/\",\"name\":\"Thoennes\",\"description\":\"\",\"potentialAction\":[{\"@type\":\"SearchAction\",\"target\":{\"@type\":\"EntryPoint\",\"urlTemplate\":\"https:\\\/\\\/thoennes.com\\\/?s={search_term_string}\"},\"query-input\":{\"@type\":\"PropertyValueSpecification\",\"valueRequired\":true,\"valueName\":\"search_term_string\"}}],\"inLanguage\":\"de\"}]}<\/script>\n<!-- \/ Yoast SEO plugin. -->","yoast_head_json":{"title":"\u00dcber uns - Thoennes","description":"Th\u00f6nnes bietet kontinuierliche IT Kompetenz seit \u00fcber 30 Jahren. Wir kennen Firmen, und verstehen welche IT sie wirklich brauchen. F\u00fcr M\u00fcnchen & Bayern.","robots":{"index":"index","follow":"follow","max-snippet":"max-snippet:-1","max-image-preview":"max-image-preview:large","max-video-preview":"max-video-preview:-1"},"canonical":"https:\/\/thoennes.com\/?page_id=15431","og_locale":"de_DE","og_type":"article","og_title":"\u00dcber uns - Thoennes","og_description":"Th\u00f6nnes bietet kontinuierliche IT Kompetenz seit \u00fcber 30 Jahren. Wir kennen Firmen, und verstehen welche IT sie wirklich brauchen. F\u00fcr M\u00fcnchen & Bayern.","og_url":"https:\/\/thoennes.com\/?page_id=15431","og_site_name":"Thoennes","article_modified_time":"2025-07-11T14:48:26+00:00","twitter_card":"summary_large_image","twitter_misc":{"Gesch\u00e4tzte Lesezeit":"3\u00a0Minuten"},"schema":{"@context":"https:\/\/schema.org","@graph":[{"@type":"WebPage","@id":"https:\/\/thoennes.com\/?page_id=15431","url":"https:\/\/thoennes.com\/?page_id=15431","name":"\u00dcber uns - Thoennes","isPartOf":{"@id":"https:\/\/thoennes.com\/#website"},"datePublished":"2018-02-12T16:19:48+00:00","dateModified":"2025-07-11T14:48:26+00:00","description":"Th\u00f6nnes bietet kontinuierliche IT Kompetenz seit \u00fcber 30 Jahren. Wir kennen Firmen, und verstehen welche IT sie wirklich brauchen. F\u00fcr M\u00fcnchen & Bayern.","breadcrumb":{"@id":"https:\/\/thoennes.com\/?page_id=15431#breadcrumb"},"inLanguage":"de","potentialAction":[{"@type":"ReadAction","target":["https:\/\/thoennes.com\/?page_id=15431"]}]},{"@type":"BreadcrumbList","@id":"https:\/\/thoennes.com\/?page_id=15431#breadcrumb","itemListElement":[{"@type":"ListItem","position":1,"name":"Start","item":"https:\/\/thoennes.com\/"},{"@type":"ListItem","position":2,"name":"\u00dcber uns"}]},{"@type":"WebSite","@id":"https:\/\/thoennes.com\/#website","url":"https:\/\/thoennes.com\/","name":"Thoennes","description":"","potentialAction":[{"@type":"SearchAction","target":{"@type":"EntryPoint","urlTemplate":"https:\/\/thoennes.com\/?s={search_term_string}"},"query-input":{"@type":"PropertyValueSpecification","valueRequired":true,"valueName":"search_term_string"}}],"inLanguage":"de"}]}},"_links":{"self":[{"href":"https:\/\/thoennes.com\/index.php?rest_route=\/wp\/v2\/pages\/15431","targetHints":{"allow":["GET"]}}],"collection":[{"href":"https:\/\/thoennes.com\/index.php?rest_route=\/wp\/v2\/pages"}],"about":[{"href":"https:\/\/thoennes.com\/index.php?rest_route=\/wp\/v2\/types\/page"}],"author":[{"embeddable":true,"href":"https:\/\/thoennes.com\/index.php?rest_route=\/wp\/v2\/users\/1"}],"replies":[{"embeddable":true,"href":"https:\/\/thoennes.com\/index.php?rest_route=%2Fwp%2Fv2%2Fcomments&post=15431"}],"version-history":[{"count":2,"href":"https:\/\/thoennes.com\/index.php?rest_route=\/wp\/v2\/pages\/15431\/revisions"}],"predecessor-version":[{"id":16039,"href":"https:\/\/thoennes.com\/index.php?rest_route=\/wp\/v2\/pages\/15431\/revisions\/16039"}],"wp:attachment":[{"href":"https:\/\/thoennes.com\/index.php?rest_route=%2Fwp%2Fv2%2Fmedia&parent=15431"}],"curies":[{"name":"wp","href":"https:\/\/api.w.org\/{rel}","templated":true}]}}